{"id":47,"date":"2023-04-27T19:15:37","date_gmt":"2023-04-27T17:15:37","guid":{"rendered":"https:\/\/hanak-arnyekolas.hu\/?page_id=47"},"modified":"2026-04-06T20:13:09","modified_gmt":"2026-04-06T18:13:09","slug":"reluxa","status":"publish","type":"page","link":"https:\/\/hanak-arnyekolas.hu\/en\/belter\/reluxa\/","title":{"rendered":"Venetian"},"content":{"rendered":"<div data-elementor-type=\"wp-page\" data-elementor-id=\"47\" class=\"elementor elementor-47\" data-elementor-post-type=\"page\">\n\t\t\t\t\t\t<section data-particle_enable=\"false\" data-particle-mobile-disabled=\"false\" class=\"elementor-section elementor-top-section elementor-element elementor-element-b7cdd41 elementor-section-boxed elementor-section-height-default elementor-section-height-default\" data-id=\"b7cdd41\" data-element_type=\"section\" data-e-type=\"section\" data-settings=\"{&quot;background_background&quot;:&quot;gradient&quot;,&quot;shape_divider_bottom&quot;:&quot;opacity-tilt&quot;}\">\n\t\t\t\t\t<div class=\"elementor-shape elementor-shape-bottom\" aria-hidden=\"true\" data-negative=\"false\">\n\t\t\t<svg xmlns=\"http:\/\/www.w3.org\/2000\/svg\" viewbox=\"0 0 2600 131.1\" preserveaspectratio=\"none\">\n\t<path class=\"elementor-shape-fill\" d=\"M0 0L2600 0 2600 69.1 0 0z\"\/>\n\t<path class=\"elementor-shape-fill\" style=\"opacity:0.5\" d=\"M0 0L2600 0 2600 69.1 0 69.1z\"\/>\n\t<path class=\"elementor-shape-fill\" style=\"opacity:0.25\" d=\"M2600 0L0 0 0 130.1 2600 69.1z\"\/>\n<\/svg>\t\t<\/div>\n\t\t\t\t\t<div class=\"elementor-container elementor-column-gap-default\">\n\t\t\t\t\t<div class=\"elementor-column elementor-col-100 elementor-top-column elementor-element elementor-element-31b5f9b\" data-id=\"31b5f9b\" data-element_type=\"column\" data-e-type=\"column\">\n\t\t\t<div class=\"elementor-widget-wrap elementor-element-populated\">\n\t\t\t\t\t\t<div class=\"elementor-element elementor-element-8678740 elementor-widget elementor-widget-heading\" data-id=\"8678740\" data-element_type=\"widget\" data-e-type=\"widget\" data-widget_type=\"heading.default\">\n\t\t\t\t<div class=\"elementor-widget-container\">\n\t\t\t\t\t<h1 class=\"elementor-heading-title elementor-size-default\">Venetian<\/h1>\t\t\t\t<\/div>\n\t\t\t\t<\/div>\n\t\t\t\t<div class=\"elementor-element elementor-element-fdd6129 elementor-widget elementor-widget-heading\" data-id=\"fdd6129\" data-element_type=\"widget\" data-e-type=\"widget\" data-widget_type=\"heading.default\">\n\t\t\t\t<div class=\"elementor-widget-container\">\n\t\t\t\t\t<p class=\"elementor-heading-title elementor-size-default\">Easy installation  | Made of wood or aluminium\n<\/p>\t\t\t\t<\/div>\n\t\t\t\t<\/div>\n\t\t\t\t\t<\/div>\n\t\t<\/div>\n\t\t\t\t\t<\/div>\n\t\t<\/section>\n\t\t\t\t<section data-particle_enable=\"false\" data-particle-mobile-disabled=\"false\" class=\"elementor-section elementor-top-section elementor-element elementor-element-71fc57c elementor-section-boxed elementor-section-height-default elementor-section-height-default\" data-id=\"71fc57c\" data-element_type=\"section\" data-e-type=\"section\">\n\t\t\t\t\t\t<div class=\"elementor-container elementor-column-gap-default\">\n\t\t\t\t\t<div class=\"elementor-column elementor-col-100 elementor-top-column elementor-element elementor-element-1a14a3f\" data-id=\"1a14a3f\" data-element_type=\"column\" data-e-type=\"column\">\n\t\t\t<div class=\"elementor-widget-wrap elementor-element-populated\">\n\t\t\t\t\t\t<section data-particle_enable=\"false\" data-particle-mobile-disabled=\"false\" class=\"elementor-section elementor-inner-section elementor-element elementor-element-bacf15a elementor-section-boxed elementor-section-height-default elementor-section-height-default\" data-id=\"bacf15a\" data-element_type=\"section\" data-e-type=\"section\">\n\t\t\t\t\t\t<div class=\"elementor-container elementor-column-gap-default\">\n\t\t\t\t\t<div class=\"elementor-column elementor-col-50 elementor-inner-column elementor-element elementor-element-eefe769\" data-id=\"eefe769\" data-element_type=\"column\" data-e-type=\"column\" data-settings=\"{&quot;background_background&quot;:&quot;classic&quot;}\">\n\t\t\t<div class=\"elementor-widget-wrap elementor-element-populated\">\n\t\t\t\t\t<div class=\"elementor-background-overlay\"><\/div>\n\t\t\t\t\t\t<div class=\"elementor-element elementor-element-619b446 elementor-widget elementor-widget-heading\" data-id=\"619b446\" data-element_type=\"widget\" data-e-type=\"widget\" data-widget_type=\"heading.default\">\n\t\t\t\t<div class=\"elementor-widget-container\">\n\t\t\t\t\t<h3 class=\"elementor-heading-title elementor-size-default\">Venetian<\/h3>\t\t\t\t<\/div>\n\t\t\t\t<\/div>\n\t\t\t\t<div class=\"elementor-element elementor-element-2613d75 elementor-widget elementor-widget-text-editor\" data-id=\"2613d75\" data-element_type=\"widget\" data-e-type=\"widget\" data-widget_type=\"text-editor.default\">\n\t\t\t\t<div class=\"elementor-widget-container\">\n\t\t\t\t\t\t\t\t\t<p>Venetian blinds are one of the oldest widespread, relatively inexpensive interior blinds, can filter or block out sunlight with rotatable slats while easy to maintain and clean. They are tidy alternatives for your home, which you can choose with aluminum and wooden slats that suit your needs and taste\u00a0<\/p>\t\t\t\t\t\t\t\t<\/div>\n\t\t\t\t<\/div>\n\t\t\t\t\t<\/div>\n\t\t<\/div>\n\t\t\t\t<div class=\"elementor-column elementor-col-50 elementor-inner-column elementor-element elementor-element-789c587\" data-id=\"789c587\" data-element_type=\"column\" data-e-type=\"column\">\n\t\t\t<div class=\"elementor-widget-wrap elementor-element-populated\">\n\t\t\t\t\t\t<div class=\"elementor-element elementor-element-0732fcb elementor-widget elementor-widget-image\" data-id=\"0732fcb\" data-element_type=\"widget\" data-e-type=\"widget\" data-widget_type=\"image.default\">\n\t\t\t\t<div class=\"elementor-widget-container\">\n\t\t\t\t\t\t\t\t\t\t\t\t\t\t\t<img fetchpriority=\"high\" decoding=\"async\" width=\"800\" height=\"800\" src=\"https:\/\/hanak-arnyekolas.hu\/wp-content\/uploads\/2023\/05\/hanak-arnyekolas-antracit-reluxa.jpg\" class=\"attachment-full size-full wp-image-437\" alt=\"\" srcset=\"https:\/\/hanak-arnyekolas.hu\/wp-content\/uploads\/2023\/05\/hanak-arnyekolas-antracit-reluxa.jpg 800w, https:\/\/hanak-arnyekolas.hu\/wp-content\/uploads\/2023\/05\/hanak-arnyekolas-antracit-reluxa-300x300.jpg 300w, https:\/\/hanak-arnyekolas.hu\/wp-content\/uploads\/2023\/05\/hanak-arnyekolas-antracit-reluxa-100x100.jpg 100w, https:\/\/hanak-arnyekolas.hu\/wp-content\/uploads\/2023\/05\/hanak-arnyekolas-antracit-reluxa-600x600.jpg 600w, https:\/\/hanak-arnyekolas.hu\/wp-content\/uploads\/2023\/05\/hanak-arnyekolas-antracit-reluxa-150x150.jpg 150w, https:\/\/hanak-arnyekolas.hu\/wp-content\/uploads\/2023\/05\/hanak-arnyekolas-antracit-reluxa-768x768.jpg 768w\" sizes=\"(max-width: 800px) 100vw, 800px\" \/>\t\t\t\t\t\t\t\t\t\t\t\t\t\t\t<\/div>\n\t\t\t\t<\/div>\n\t\t\t\t\t<\/div>\n\t\t<\/div>\n\t\t\t\t\t<\/div>\n\t\t<\/section>\n\t\t\t\t<section data-particle_enable=\"false\" data-particle-mobile-disabled=\"false\" class=\"elementor-section elementor-inner-section elementor-element elementor-element-6539f63 elementor-reverse-mobile elementor-section-boxed elementor-section-height-default elementor-section-height-default\" data-id=\"6539f63\" data-element_type=\"section\" data-e-type=\"section\">\n\t\t\t\t\t\t<div class=\"elementor-container elementor-column-gap-default\">\n\t\t\t\t\t<div class=\"elementor-column elementor-col-50 elementor-inner-column elementor-element elementor-element-68ba921\" data-id=\"68ba921\" data-element_type=\"column\" data-e-type=\"column\">\n\t\t\t<div class=\"elementor-widget-wrap elementor-element-populated\">\n\t\t\t\t\t\t<div class=\"elementor-element elementor-element-7bfa4ae elementor-widget elementor-widget-image\" data-id=\"7bfa4ae\" data-element_type=\"widget\" data-e-type=\"widget\" data-widget_type=\"image.default\">\n\t\t\t\t<div class=\"elementor-widget-container\">\n\t\t\t\t\t\t\t\t\t\t\t\t\t\t\t<img decoding=\"async\" width=\"1000\" height=\"750\" src=\"https:\/\/hanak-arnyekolas.hu\/wp-content\/uploads\/2023\/05\/hanak-arnyekolas-Reluxa.jpg\" class=\"attachment-full size-full wp-image-438\" alt=\"\" srcset=\"https:\/\/hanak-arnyekolas.hu\/wp-content\/uploads\/2023\/05\/hanak-arnyekolas-Reluxa.jpg 1000w, https:\/\/hanak-arnyekolas.hu\/wp-content\/uploads\/2023\/05\/hanak-arnyekolas-Reluxa-600x450.jpg 600w, https:\/\/hanak-arnyekolas.hu\/wp-content\/uploads\/2023\/05\/hanak-arnyekolas-Reluxa-300x225.jpg 300w, https:\/\/hanak-arnyekolas.hu\/wp-content\/uploads\/2023\/05\/hanak-arnyekolas-Reluxa-768x576.jpg 768w\" sizes=\"(max-width: 1000px) 100vw, 1000px\" \/>\t\t\t\t\t\t\t\t\t\t\t\t\t\t\t<\/div>\n\t\t\t\t<\/div>\n\t\t\t\t\t<\/div>\n\t\t<\/div>\n\t\t\t\t<div class=\"elementor-column elementor-col-50 elementor-inner-column elementor-element elementor-element-3288484\" data-id=\"3288484\" data-element_type=\"column\" data-e-type=\"column\" data-settings=\"{&quot;background_background&quot;:&quot;classic&quot;}\">\n\t\t\t<div class=\"elementor-widget-wrap elementor-element-populated\">\n\t\t\t\t\t<div class=\"elementor-background-overlay\"><\/div>\n\t\t\t\t\t\t<div class=\"elementor-element elementor-element-13b698b elementor-widget elementor-widget-heading\" data-id=\"13b698b\" data-element_type=\"widget\" data-e-type=\"widget\" data-widget_type=\"heading.default\">\n\t\t\t\t<div class=\"elementor-widget-container\">\n\t\t\t\t\t<h3 class=\"elementor-heading-title elementor-size-default\">Aluminium Venetian\n<\/h3>\t\t\t\t<\/div>\n\t\t\t\t<\/div>\n\t\t\t\t<div class=\"elementor-element elementor-element-fbf1efb elementor-widget elementor-widget-text-editor\" data-id=\"fbf1efb\" data-element_type=\"widget\" data-e-type=\"widget\" data-widget_type=\"text-editor.default\">\n\t\t\t\t<div class=\"elementor-widget-container\">\n\t\t\t\t\t\t\t\t\t<p>The slats of the Venetian are available in an extremely wide range of colors. With aluminum slats, we offer a variety of finishes too that include matt, gloss, perforated, brushed, and pearl.  Its installation can also be solved on the triangular, trapezoidal and vaulted windows. The base of the blind can be attached to the window so it will not blow out with the incoming airflow.<\/p>\t\t\t\t\t\t\t\t<\/div>\n\t\t\t\t<\/div>\n\t\t\t\t\t<\/div>\n\t\t<\/div>\n\t\t\t\t\t<\/div>\n\t\t<\/section>\n\t\t\t\t<section data-particle_enable=\"false\" data-particle-mobile-disabled=\"false\" class=\"elementor-section elementor-inner-section elementor-element elementor-element-6d074e7 elementor-section-boxed elementor-section-height-default elementor-section-height-default\" data-id=\"6d074e7\" data-element_type=\"section\" data-e-type=\"section\">\n\t\t\t\t\t\t<div class=\"elementor-container elementor-column-gap-default\">\n\t\t\t\t\t<div class=\"elementor-column elementor-col-50 elementor-inner-column elementor-element elementor-element-bbc36c1\" data-id=\"bbc36c1\" data-element_type=\"column\" data-e-type=\"column\" data-settings=\"{&quot;background_background&quot;:&quot;classic&quot;}\">\n\t\t\t<div class=\"elementor-widget-wrap elementor-element-populated\">\n\t\t\t\t\t<div class=\"elementor-background-overlay\"><\/div>\n\t\t\t\t\t\t<div class=\"elementor-element elementor-element-d78f180 elementor-widget elementor-widget-heading\" data-id=\"d78f180\" data-element_type=\"widget\" data-e-type=\"widget\" data-widget_type=\"heading.default\">\n\t\t\t\t<div class=\"elementor-widget-container\">\n\t\t\t\t\t<h3 class=\"elementor-heading-title elementor-size-default\">Timber Venetian\n<\/h3>\t\t\t\t<\/div>\n\t\t\t\t<\/div>\n\t\t\t\t<div class=\"elementor-element elementor-element-327594b elementor-widget elementor-widget-text-editor\" data-id=\"327594b\" data-element_type=\"widget\" data-e-type=\"widget\" data-widget_type=\"text-editor.default\">\n\t\t\t\t<div class=\"elementor-widget-container\">\n\t\t\t\t\t\t\t\t\t<p>Our wooden blinds create a great homely atmosphere in your home interior. They can be attached to the window or the wall. They give your home a stylish look, whether they are in the lower or upper position. They are also available in motorized or manual versions.<\/p>\t\t\t\t\t\t\t\t<\/div>\n\t\t\t\t<\/div>\n\t\t\t\t\t<\/div>\n\t\t<\/div>\n\t\t\t\t<div class=\"elementor-column elementor-col-50 elementor-inner-column elementor-element elementor-element-2d68937\" data-id=\"2d68937\" data-element_type=\"column\" data-e-type=\"column\">\n\t\t\t<div class=\"elementor-widget-wrap elementor-element-populated\">\n\t\t\t\t\t\t<div class=\"elementor-element elementor-element-3a59f96 elementor-widget elementor-widget-image\" data-id=\"3a59f96\" data-element_type=\"widget\" data-e-type=\"widget\" data-widget_type=\"image.default\">\n\t\t\t\t<div class=\"elementor-widget-container\">\n\t\t\t\t\t\t\t\t\t\t\t\t\t\t\t<img decoding=\"async\" width=\"814\" height=\"615\" src=\"https:\/\/hanak-arnyekolas.hu\/wp-content\/uploads\/2026\/01\/Motoros-reluxa-hanak-arnyekolas.jpg\" class=\"attachment-full size-full wp-image-3057\" alt=\"Somfy motoros reluxa\" srcset=\"https:\/\/hanak-arnyekolas.hu\/wp-content\/uploads\/2026\/01\/Motoros-reluxa-hanak-arnyekolas.jpg 814w, https:\/\/hanak-arnyekolas.hu\/wp-content\/uploads\/2026\/01\/Motoros-reluxa-hanak-arnyekolas-300x227.jpg 300w, https:\/\/hanak-arnyekolas.hu\/wp-content\/uploads\/2026\/01\/Motoros-reluxa-hanak-arnyekolas-768x580.jpg 768w, https:\/\/hanak-arnyekolas.hu\/wp-content\/uploads\/2026\/01\/Motoros-reluxa-hanak-arnyekolas-16x12.jpg 16w, https:\/\/hanak-arnyekolas.hu\/wp-content\/uploads\/2026\/01\/Motoros-reluxa-hanak-arnyekolas-600x453.jpg 600w\" sizes=\"(max-width: 814px) 100vw, 814px\" \/>\t\t\t\t\t\t\t\t\t\t\t\t\t\t\t<\/div>\n\t\t\t\t<\/div>\n\t\t\t\t\t<\/div>\n\t\t<\/div>\n\t\t\t\t\t<\/div>\n\t\t<\/section>\n\t\t\t\t\t<\/div>\n\t\t<\/div>\n\t\t\t\t\t<\/div>\n\t\t<\/section>\n\t\t\t\t<section data-particle_enable=\"false\" data-particle-mobile-disabled=\"false\" class=\"elementor-section elementor-top-section elementor-element elementor-element-54657d7 elementor-section-boxed elementor-section-height-default elementor-section-height-default\" data-id=\"54657d7\" data-element_type=\"section\" data-e-type=\"section\">\n\t\t\t\t\t\t<div class=\"elementor-container elementor-column-gap-default\">\n\t\t\t\t\t<div class=\"elementor-column elementor-col-100 elementor-top-column elementor-element elementor-element-b8d205d\" data-id=\"b8d205d\" data-element_type=\"column\" data-e-type=\"column\">\n\t\t\t<div class=\"elementor-widget-wrap elementor-element-populated\">\n\t\t\t\t\t\t<div class=\"elementor-element elementor-element-852792b elementor-widget elementor-widget-heading\" data-id=\"852792b\" data-element_type=\"widget\" data-e-type=\"widget\" data-widget_type=\"heading.default\">\n\t\t\t\t<div class=\"elementor-widget-container\">\n\t\t\t\t\t<h3 class=\"elementor-heading-title elementor-size-default\">What do our clients say about us?<\/h3>\t\t\t\t<\/div>\n\t\t\t\t<\/div>\n\t\t\t\t<div class=\"elementor-element elementor-element-79544c9 elementor-widget elementor-widget-text-editor\" data-id=\"79544c9\" data-element_type=\"widget\" data-e-type=\"widget\" data-widget_type=\"text-editor.default\">\n\t\t\t\t<div class=\"elementor-widget-container\">\n\t\t\t\t\t\t\t\t\t<p><div data-src=\"https:\/\/cdn.trustindex.io\/loader.js?2afd3f94426a4055f39618b6c8b\"><\/div><\/p>\t\t\t\t\t\t\t\t<\/div>\n\t\t\t\t<\/div>\n\t\t\t\t\t<\/div>\n\t\t<\/div>\n\t\t\t\t\t<\/div>\n\t\t<\/section>\n\t\t\t\t<section data-particle_enable=\"false\" data-particle-mobile-disabled=\"false\" class=\"elementor-section elementor-top-section elementor-element elementor-element-284d442 elementor-section-boxed elementor-section-height-default elementor-section-height-default\" data-id=\"284d442\" data-element_type=\"section\" data-e-type=\"section\" data-settings=\"{&quot;background_background&quot;:&quot;classic&quot;,&quot;shape_divider_top&quot;:&quot;opacity-tilt&quot;}\">\n\t\t\t\t\t\t\t<div class=\"elementor-background-overlay\"><\/div>\n\t\t\t\t\t\t<div class=\"elementor-shape elementor-shape-top\" aria-hidden=\"true\" data-negative=\"false\">\n\t\t\t<svg xmlns=\"http:\/\/www.w3.org\/2000\/svg\" viewbox=\"0 0 2600 131.1\" preserveaspectratio=\"none\">\n\t<path class=\"elementor-shape-fill\" d=\"M0 0L2600 0 2600 69.1 0 0z\"\/>\n\t<path class=\"elementor-shape-fill\" style=\"opacity:0.5\" d=\"M0 0L2600 0 2600 69.1 0 69.1z\"\/>\n\t<path class=\"elementor-shape-fill\" style=\"opacity:0.25\" d=\"M2600 0L0 0 0 130.1 2600 69.1z\"\/>\n<\/svg>\t\t<\/div>\n\t\t\t\t\t<div class=\"elementor-container elementor-column-gap-default\">\n\t\t\t\t\t<div class=\"elementor-column elementor-col-50 elementor-top-column elementor-element elementor-element-6ea27c3\" data-id=\"6ea27c3\" data-element_type=\"column\" data-e-type=\"column\">\n\t\t\t<div class=\"elementor-widget-wrap elementor-element-populated\">\n\t\t\t\t\t\t<div class=\"elementor-element elementor-element-d282532 elementor-widget elementor-widget-heading\" data-id=\"d282532\" data-element_type=\"widget\" data-e-type=\"widget\" data-widget_type=\"heading.default\">\n\t\t\t\t<div class=\"elementor-widget-container\">\n\t\t\t\t\t<p class=\"elementor-heading-title elementor-size-default\">Message us!\n<\/p>\t\t\t\t<\/div>\n\t\t\t\t<\/div>\n\t\t\t\t<div class=\"elementor-element elementor-element-a968302 elementor-widget elementor-widget-heading\" data-id=\"a968302\" data-element_type=\"widget\" data-e-type=\"widget\" data-widget_type=\"heading.default\">\n\t\t\t\t<div class=\"elementor-widget-container\">\n\t\t\t\t\t<p class=\"elementor-heading-title elementor-size-default\">Request a personalized price offer!\n<\/p>\t\t\t\t<\/div>\n\t\t\t\t<\/div>\n\t\t\t\t\t<\/div>\n\t\t<\/div>\n\t\t\t\t<div class=\"elementor-column elementor-col-50 elementor-top-column elementor-element elementor-element-162926d\" data-id=\"162926d\" data-element_type=\"column\" data-e-type=\"column\">\n\t\t\t<div class=\"elementor-widget-wrap elementor-element-populated\">\n\t\t\t\t\t\t<div class=\"elementor-element elementor-element-722e019 elementor-align-right elementor-mobile-align-left elementor-widget elementor-widget-button\" data-id=\"722e019\" data-element_type=\"widget\" data-e-type=\"widget\" data-widget_type=\"button.default\">\n\t\t\t\t<div class=\"elementor-widget-container\">\n\t\t\t\t\t\t\t\t\t<div class=\"elementor-button-wrapper\">\n\t\t\t\t\t<a class=\"elementor-button elementor-button-link elementor-size-lg elementor-animation-push\" href=\"https:\/\/hanak-arnyekolas.hu\/en\/arajanlatkeres\/\">\n\t\t\t\t\t\t<span class=\"elementor-button-content-wrapper\">\n\t\t\t\t\t\t\t\t\t<span class=\"elementor-button-text\">Quote request<\/span>\n\t\t\t\t\t<\/span>\n\t\t\t\t\t<\/a>\n\t\t\t\t<\/div>\n\t\t\t\t\t\t\t\t<\/div>\n\t\t\t\t<\/div>\n\t\t\t\t\t<\/div>\n\t\t<\/div>\n\t\t\t\t\t<\/div>\n\t\t<\/section>\n\t\t\t\t<\/div>","protected":false},"excerpt":{"rendered":"<p>K\u00f6nnyen felszerelhet\u0151 | F\u00e1b\u00f3l vagy Alum\u00edniumb\u00f3l Reluxa A reluxa az egyik legr\u00e9gebben elterjedt, relat\u00edve olcs\u00f3 bels\u0151 \u00e1rny\u00e9kol\u00f3, amely kiz\u00e1rja vagy megsz\u0171ri a napf\u00e9nyt. Takaros alternat\u00edtv \u00e1rny\u00e9kol\u00f3i lehetnek otthon\u00e1nak, melyeket alum\u00ednium illetve fa lamell\u00e1val is v\u00e1laszthat.\u00a0 Alum\u00ednium reluxa A reluxa lamell\u00e1i nagyon sz\u00e9les sz\u00ednv\u00e1laszt\u00e9kban \u00e1llnak rendelkez\u00e9sre. A fel\u00fclet\u00e9t tekintve is t\u00f6bbf\u00e9le t\u00edpusban el\u00e9rhet\u0151; matt, f\u00e9nyes, perfor\u00e1lt [&hellip;]<\/p>","protected":false},"author":1,"featured_media":437,"parent":41,"menu_order":0,"comment_status":"closed","ping_status":"closed","template":"elementor_header_footer","meta":{"footnotes":""},"class_list":["post-47","page","type-page","status-publish","has-post-thumbnail","hentry"],"_links":{"self":[{"href":"https:\/\/hanak-arnyekolas.hu\/en\/wp-json\/wp\/v2\/pages\/47","targetHints":{"allow":["GET"]}}],"collection":[{"href":"https:\/\/hanak-arnyekolas.hu\/en\/wp-json\/wp\/v2\/pages"}],"about":[{"href":"https:\/\/hanak-arnyekolas.hu\/en\/wp-json\/wp\/v2\/types\/page"}],"author":[{"embeddable":true,"href":"https:\/\/hanak-arnyekolas.hu\/en\/wp-json\/wp\/v2\/users\/1"}],"replies":[{"embeddable":true,"href":"https:\/\/hanak-arnyekolas.hu\/en\/wp-json\/wp\/v2\/comments?post=47"}],"version-history":[{"count":20,"href":"https:\/\/hanak-arnyekolas.hu\/en\/wp-json\/wp\/v2\/pages\/47\/revisions"}],"predecessor-version":[{"id":3130,"href":"https:\/\/hanak-arnyekolas.hu\/en\/wp-json\/wp\/v2\/pages\/47\/revisions\/3130"}],"up":[{"embeddable":true,"href":"https:\/\/hanak-arnyekolas.hu\/en\/wp-json\/wp\/v2\/pages\/41"}],"wp:featuredmedia":[{"embeddable":true,"href":"https:\/\/hanak-arnyekolas.hu\/en\/wp-json\/wp\/v2\/media\/437"}],"wp:attachment":[{"href":"https:\/\/hanak-arnyekolas.hu\/en\/wp-json\/wp\/v2\/media?parent=47"}],"curies":[{"name":"wp","href":"https:\/\/api.w.org\/{rel}","templated":true}]}}