{"id":2866,"date":"2025-11-09T16:21:57","date_gmt":"2025-11-09T15:21:57","guid":{"rendered":"https:\/\/hanak-arnyekolas.hu\/?page_id=2866"},"modified":"2025-11-09T19:20:21","modified_gmt":"2025-11-09T18:20:21","slug":"oktatas","status":"publish","type":"page","link":"https:\/\/hanak-arnyekolas.hu\/en\/oktatas\/","title":{"rendered":"Education"},"content":{"rendered":"<div data-elementor-type=\"wp-page\" data-elementor-id=\"2866\" class=\"elementor elementor-2866\" data-elementor-post-type=\"page\">\n\t\t\t\t\t\t<section data-particle_enable=\"false\" data-particle-mobile-disabled=\"false\" class=\"elementor-section elementor-top-section elementor-element elementor-element-41c07c4 elementor-section-boxed elementor-section-height-default elementor-section-height-default\" data-id=\"41c07c4\" data-element_type=\"section\" data-e-type=\"section\" data-settings=\"{&quot;background_background&quot;:&quot;gradient&quot;,&quot;shape_divider_bottom&quot;:&quot;opacity-tilt&quot;}\">\n\t\t\t\t\t<div class=\"elementor-shape elementor-shape-bottom\" aria-hidden=\"true\" data-negative=\"false\">\n\t\t\t<svg xmlns=\"http:\/\/www.w3.org\/2000\/svg\" viewbox=\"0 0 2600 131.1\" preserveaspectratio=\"none\">\n\t<path class=\"elementor-shape-fill\" d=\"M0 0L2600 0 2600 69.1 0 0z\"\/>\n\t<path class=\"elementor-shape-fill\" style=\"opacity:0.5\" d=\"M0 0L2600 0 2600 69.1 0 69.1z\"\/>\n\t<path class=\"elementor-shape-fill\" style=\"opacity:0.25\" d=\"M2600 0L0 0 0 130.1 2600 69.1z\"\/>\n<\/svg>\t\t<\/div>\n\t\t\t\t\t<div class=\"elementor-container elementor-column-gap-default\">\n\t\t\t\t\t<div class=\"elementor-column elementor-col-100 elementor-top-column elementor-element elementor-element-4393c08\" data-id=\"4393c08\" data-element_type=\"column\" data-e-type=\"column\">\n\t\t\t<div class=\"elementor-widget-wrap elementor-element-populated\">\n\t\t\t\t\t\t<div class=\"elementor-element elementor-element-8ac68d9 elementor-widget elementor-widget-heading\" data-id=\"8ac68d9\" data-element_type=\"widget\" data-e-type=\"widget\" data-widget_type=\"heading.default\">\n\t\t\t\t<div class=\"elementor-widget-container\">\n\t\t\t\t\t<h1 class=\"elementor-heading-title elementor-size-default\">Education<\/h1>\t\t\t\t<\/div>\n\t\t\t\t<\/div>\n\t\t\t\t<div class=\"elementor-element elementor-element-6c9827f elementor-widget-divider--separator-type-pattern elementor-widget-divider--view-line elementor-widget elementor-widget-divider\" data-id=\"6c9827f\" data-element_type=\"widget\" data-e-type=\"widget\" data-widget_type=\"divider.default\">\n\t\t\t\t<div class=\"elementor-widget-container\">\n\t\t\t\t\t\t\t<div class=\"elementor-divider\" style=\"--divider-pattern-url: url(&quot;data:image\/svg+xml,%3Csvg xmlns=&#039;http:\/\/www.w3.org\/2000\/svg&#039; preserveAspectRatio=&#039;none&#039; overflow=&#039;visible&#039; height=&#039;100%&#039; viewBox=&#039;0 0 24 24&#039; fill=&#039;black&#039; stroke=&#039;none&#039;%3E%3Cpolygon points=&#039;9.4,2 24,2 14.6,21.6 0,21.6&#039;\/%3E%3C\/svg%3E&quot;);\">\n\t\t\t<span class=\"elementor-divider-separator\">\n\t\t\t\t\t\t<\/span>\n\t\t<\/div>\n\t\t\t\t\t\t<\/div>\n\t\t\t\t<\/div>\n\t\t\t\t\t<\/div>\n\t\t<\/div>\n\t\t\t\t\t<\/div>\n\t\t<\/section>\n\t\t\t\t<section data-particle_enable=\"false\" data-particle-mobile-disabled=\"false\" class=\"elementor-section elementor-top-section elementor-element elementor-element-1fe38e2 elementor-section-boxed elementor-section-height-default elementor-section-height-default\" data-id=\"1fe38e2\" data-element_type=\"section\" data-e-type=\"section\">\n\t\t\t\t\t\t<div class=\"elementor-container elementor-column-gap-default\">\n\t\t\t\t\t<div class=\"elementor-column elementor-col-50 elementor-top-column elementor-element elementor-element-954c7fd\" data-id=\"954c7fd\" data-element_type=\"column\" data-e-type=\"column\">\n\t\t\t<div class=\"elementor-widget-wrap elementor-element-populated\">\n\t\t\t\t\t\t<div class=\"elementor-element elementor-element-1a7f855 elementor-widget elementor-widget-heading\" data-id=\"1a7f855\" data-element_type=\"widget\" data-e-type=\"widget\" data-widget_type=\"heading.default\">\n\t\t\t\t<div class=\"elementor-widget-container\">\n\t\t\t\t\t<h2 class=\"elementor-heading-title elementor-size-default\">Ny\u00edl\u00e1sz\u00e1r\u00f3 \u00e9s \u00e1rny\u00e9kol\u00e1stechnikai szerel\u0151 - be\u00e9p\u00edt\u0151 oktat\u00e1s<\/h2>\t\t\t\t<\/div>\n\t\t\t\t<\/div>\n\t\t\t\t<div class=\"elementor-element elementor-element-bd65ae6 elementor-widget elementor-widget-text-editor\" data-id=\"bd65ae6\" data-element_type=\"widget\" data-e-type=\"widget\" data-widget_type=\"text-editor.default\">\n\t\t\t\t<div class=\"elementor-widget-container\">\n\t\t\t\t\t\t\t\t\t<p>T\u00e1rsoktat\u00f3k\u00e9nt r\u00e9szt vesz\u00fcnk\u00a0 a hazai ny\u00edl\u00e1sz\u00e1r\u00f3 \u00e9s \u00e1rny\u00e9kol\u00e1stechnikai szerel\u0151 &#8211; be\u00e9p\u00edt\u0151 k\u00e9pz\u00e9sben. A Mezei Gy\u00f6rgy\u00a0 \u00e1ltal vezetett tanfolyamokon \u00e9vtizedek \u00f3ta, t\u00f6bb 100 tanul\u00f3 szerez k\u00e9pes\u00edt\u00e9st.\u00a0<\/p><p>A tanfolyam \u00e9vente k\u00e9tszer indul. \u00c1ltal\u00e1ban az Umbroll telephely\u00e9n zajlik, de kihelyezett oktat\u00e1s keret\u00e9ben a tanul\u00f3k a Somfy \u00e9s a Smart-Home oktat\u00f3termeibe is ell\u00e1togatnak.\u00a0<\/p><p>A tanfolyamr\u00f3l b\u0151vebben az <a href=\"https:\/\/e-tanfolyam.eu\/\" target=\"_blank\" rel=\"noopener\">e-tanfolyam.eu<\/a> oldalon t\u00e1j\u00e1koz\u00f3dhat.<\/p>\t\t\t\t\t\t\t\t<\/div>\n\t\t\t\t<\/div>\n\t\t\t\t<div class=\"elementor-element elementor-element-dd6e604 elementor-align-center elementor-widget elementor-widget-button\" data-id=\"dd6e604\" data-element_type=\"widget\" data-e-type=\"widget\" data-widget_type=\"button.default\">\n\t\t\t\t<div class=\"elementor-widget-container\">\n\t\t\t\t\t\t\t\t\t<div class=\"elementor-button-wrapper\">\n\t\t\t\t\t<a class=\"elementor-button elementor-button-link elementor-size-sm elementor-animation-push\" href=\"https:\/\/hanak-arnyekolas.hu\/en\/oktatas-jelentkezes\/\">\n\t\t\t\t\t\t<span class=\"elementor-button-content-wrapper\">\n\t\t\t\t\t\t\t\t\t<span class=\"elementor-button-text\">Jelentkez\u00e9s<\/span>\n\t\t\t\t\t<\/span>\n\t\t\t\t\t<\/a>\n\t\t\t\t<\/div>\n\t\t\t\t\t\t\t\t<\/div>\n\t\t\t\t<\/div>\n\t\t\t\t\t<\/div>\n\t\t<\/div>\n\t\t\t\t<div class=\"elementor-column elementor-col-50 elementor-top-column elementor-element elementor-element-b184c9d\" data-id=\"b184c9d\" data-element_type=\"column\" data-e-type=\"column\">\n\t\t\t<div class=\"elementor-widget-wrap elementor-element-populated\">\n\t\t\t\t\t\t<div class=\"elementor-element elementor-element-f806df1 elementor-widget elementor-widget-image\" data-id=\"f806df1\" data-element_type=\"widget\" data-e-type=\"widget\" data-widget_type=\"image.default\">\n\t\t\t\t<div class=\"elementor-widget-container\">\n\t\t\t\t\t\t\t\t\t\t\t\t\t\t\t<img fetchpriority=\"high\" decoding=\"async\" width=\"800\" height=\"600\" src=\"https:\/\/hanak-arnyekolas.hu\/wp-content\/uploads\/2025\/11\/Mezei-Gyorgy-Hanak-Peter-oktatas-1024x768.jpeg\" class=\"attachment-large size-large wp-image-2868\" alt=\"\" srcset=\"https:\/\/hanak-arnyekolas.hu\/wp-content\/uploads\/2025\/11\/Mezei-Gyorgy-Hanak-Peter-oktatas-1024x768.jpeg 1024w, https:\/\/hanak-arnyekolas.hu\/wp-content\/uploads\/2025\/11\/Mezei-Gyorgy-Hanak-Peter-oktatas-300x225.jpeg 300w, https:\/\/hanak-arnyekolas.hu\/wp-content\/uploads\/2025\/11\/Mezei-Gyorgy-Hanak-Peter-oktatas-768x576.jpeg 768w, https:\/\/hanak-arnyekolas.hu\/wp-content\/uploads\/2025\/11\/Mezei-Gyorgy-Hanak-Peter-oktatas-1536x1152.jpeg 1536w, https:\/\/hanak-arnyekolas.hu\/wp-content\/uploads\/2025\/11\/Mezei-Gyorgy-Hanak-Peter-oktatas-16x12.jpeg 16w, https:\/\/hanak-arnyekolas.hu\/wp-content\/uploads\/2025\/11\/Mezei-Gyorgy-Hanak-Peter-oktatas-600x450.jpeg 600w, https:\/\/hanak-arnyekolas.hu\/wp-content\/uploads\/2025\/11\/Mezei-Gyorgy-Hanak-Peter-oktatas.jpeg 2048w\" sizes=\"(max-width: 800px) 100vw, 800px\" \/>\t\t\t\t\t\t\t\t\t\t\t\t\t\t\t<\/div>\n\t\t\t\t<\/div>\n\t\t\t\t\t<\/div>\n\t\t<\/div>\n\t\t\t\t\t<\/div>\n\t\t<\/section>\n\t\t\t\t<\/div>","protected":false},"excerpt":{"rendered":"<p>Oktat\u00e1s Ny\u00edl\u00e1sz\u00e1r\u00f3 \u00e9s \u00e1rny\u00e9kol\u00e1stechnikai szerel\u0151 &#8211; be\u00e9p\u00edt\u0151 oktat\u00e1s T\u00e1rsoktat\u00f3k\u00e9nt r\u00e9szt vesz\u00fcnk\u00a0 a hazai ny\u00edl\u00e1sz\u00e1r\u00f3 \u00e9s \u00e1rny\u00e9kol\u00e1stechnikai szerel\u0151 &#8211; be\u00e9p\u00edt\u0151 k\u00e9pz\u00e9sben. A Mezei Gy\u00f6rgy\u00a0 \u00e1ltal vezetett tanfolyamokon \u00e9vtizedek \u00f3ta, t\u00f6bb 100 tanul\u00f3 szerez k\u00e9pes\u00edt\u00e9st.\u00a0 A tanfolyam \u00e9vente k\u00e9tszer indul. \u00c1ltal\u00e1ban az Umbroll telephely\u00e9n zajlik, de kihelyezett oktat\u00e1s keret\u00e9ben a tanul\u00f3k a Somfy \u00e9s a Smart-Home oktat\u00f3termeibe [&hellip;]<\/p>","protected":false},"author":3,"featured_media":0,"parent":0,"menu_order":0,"comment_status":"closed","ping_status":"closed","template":"","meta":{"footnotes":""},"class_list":["post-2866","page","type-page","status-publish","hentry"],"_links":{"self":[{"href":"https:\/\/hanak-arnyekolas.hu\/en\/wp-json\/wp\/v2\/pages\/2866","targetHints":{"allow":["GET"]}}],"collection":[{"href":"https:\/\/hanak-arnyekolas.hu\/en\/wp-json\/wp\/v2\/pages"}],"about":[{"href":"https:\/\/hanak-arnyekolas.hu\/en\/wp-json\/wp\/v2\/types\/page"}],"author":[{"embeddable":true,"href":"https:\/\/hanak-arnyekolas.hu\/en\/wp-json\/wp\/v2\/users\/3"}],"replies":[{"embeddable":true,"href":"https:\/\/hanak-arnyekolas.hu\/en\/wp-json\/wp\/v2\/comments?post=2866"}],"version-history":[{"count":10,"href":"https:\/\/hanak-arnyekolas.hu\/en\/wp-json\/wp\/v2\/pages\/2866\/revisions"}],"predecessor-version":[{"id":2896,"href":"https:\/\/hanak-arnyekolas.hu\/en\/wp-json\/wp\/v2\/pages\/2866\/revisions\/2896"}],"wp:attachment":[{"href":"https:\/\/hanak-arnyekolas.hu\/en\/wp-json\/wp\/v2\/media?parent=2866"}],"curies":[{"name":"wp","href":"https:\/\/api.w.org\/{rel}","templated":true}]}}