{"id":2096,"date":"2024-05-20T10:35:33","date_gmt":"2024-05-20T08:35:33","guid":{"rendered":"https:\/\/hanak-arnyekolas.hu\/?page_id=2096"},"modified":"2024-05-20T10:41:15","modified_gmt":"2024-05-20T08:41:15","slug":"hitel","status":"publish","type":"page","link":"https:\/\/hanak-arnyekolas.hu\/en\/hitel\/","title":{"rendered":"Hitel"},"content":{"rendered":"<div data-elementor-type=\"wp-page\" data-elementor-id=\"2096\" class=\"elementor elementor-2096\" data-elementor-post-type=\"page\">\n\t\t\t\t\t\t<section data-particle_enable=\"false\" data-particle-mobile-disabled=\"false\" class=\"elementor-section elementor-top-section elementor-element elementor-element-313c15b elementor-section-boxed elementor-section-height-default elementor-section-height-default\" data-id=\"313c15b\" data-element_type=\"section\" data-e-type=\"section\" data-settings=\"{&quot;background_background&quot;:&quot;gradient&quot;,&quot;shape_divider_bottom&quot;:&quot;opacity-tilt&quot;}\">\n\t\t\t\t\t<div class=\"elementor-shape elementor-shape-bottom\" aria-hidden=\"true\" data-negative=\"false\">\n\t\t\t<svg xmlns=\"http:\/\/www.w3.org\/2000\/svg\" viewbox=\"0 0 2600 131.1\" preserveaspectratio=\"none\">\n\t<path class=\"elementor-shape-fill\" d=\"M0 0L2600 0 2600 69.1 0 0z\"\/>\n\t<path class=\"elementor-shape-fill\" style=\"opacity:0.5\" d=\"M0 0L2600 0 2600 69.1 0 69.1z\"\/>\n\t<path class=\"elementor-shape-fill\" style=\"opacity:0.25\" d=\"M2600 0L0 0 0 130.1 2600 69.1z\"\/>\n<\/svg>\t\t<\/div>\n\t\t\t\t\t<div class=\"elementor-container elementor-column-gap-default\">\n\t\t\t\t\t<div class=\"elementor-column elementor-col-100 elementor-top-column elementor-element elementor-element-c9bf5c4\" data-id=\"c9bf5c4\" data-element_type=\"column\" data-e-type=\"column\">\n\t\t\t<div class=\"elementor-widget-wrap elementor-element-populated\">\n\t\t\t\t\t\t<div class=\"elementor-element elementor-element-353e819 elementor-widget elementor-widget-heading\" data-id=\"353e819\" data-element_type=\"widget\" data-e-type=\"widget\" data-widget_type=\"heading.default\">\n\t\t\t\t<div class=\"elementor-widget-container\">\n\t\t\t\t\t<h1 class=\"elementor-heading-title elementor-size-default\">Hitel<\/h1>\t\t\t\t<\/div>\n\t\t\t\t<\/div>\n\t\t\t\t<div class=\"elementor-element elementor-element-2dd7c5a elementor-widget elementor-widget-heading\" data-id=\"2dd7c5a\" data-element_type=\"widget\" data-e-type=\"widget\" data-widget_type=\"heading.default\">\n\t\t\t\t<div class=\"elementor-widget-container\">\n\t\t\t\t\t<p class=\"elementor-heading-title elementor-size-default\">Objekt\u00edv hiteltan\u00e1csad\u00e1s  | Gyorsas\u00e1g, rugalmass\u00e1g | Szak\u00e9rtelem<\/p>\t\t\t\t<\/div>\n\t\t\t\t<\/div>\n\t\t\t\t\t<\/div>\n\t\t<\/div>\n\t\t\t\t\t<\/div>\n\t\t<\/section>\n\t\t\t\t<section data-particle_enable=\"false\" data-particle-mobile-disabled=\"false\" class=\"elementor-section elementor-top-section elementor-element elementor-element-174c064 elementor-section-boxed elementor-section-height-default elementor-section-height-default\" data-id=\"174c064\" data-element_type=\"section\" data-e-type=\"section\">\n\t\t\t\t\t\t<div class=\"elementor-container elementor-column-gap-default\">\n\t\t\t\t\t<div class=\"elementor-column elementor-col-100 elementor-top-column elementor-element elementor-element-33ae82b\" data-id=\"33ae82b\" data-element_type=\"column\" data-e-type=\"column\">\n\t\t\t<div class=\"elementor-widget-wrap elementor-element-populated\">\n\t\t\t\t\t\t<div class=\"elementor-element elementor-element-0dc61ed elementor-widget elementor-widget-heading\" data-id=\"0dc61ed\" data-element_type=\"widget\" data-e-type=\"widget\" data-widget_type=\"heading.default\">\n\t\t\t\t<div class=\"elementor-widget-container\">\n\t\t\t\t\t<h2 class=\"elementor-heading-title elementor-size-default\">Partner\u00fcnk Hiteles Andr\u00e1s, a Bankmonitor.hu szak\u00e9rt\u0151je<\/h2>\t\t\t\t<\/div>\n\t\t\t\t<\/div>\n\t\t\t\t\t<\/div>\n\t\t<\/div>\n\t\t\t\t\t<\/div>\n\t\t<\/section>\n\t\t\t\t<section data-particle_enable=\"false\" data-particle-mobile-disabled=\"false\" class=\"elementor-section elementor-top-section elementor-element elementor-element-53485fd elementor-section-boxed elementor-section-height-default elementor-section-height-default\" data-id=\"53485fd\" data-element_type=\"section\" data-e-type=\"section\">\n\t\t\t\t\t\t<div class=\"elementor-container elementor-column-gap-default\">\n\t\t\t\t\t<div class=\"elementor-column elementor-col-50 elementor-top-column elementor-element elementor-element-cb8f3ab\" data-id=\"cb8f3ab\" data-element_type=\"column\" data-e-type=\"column\">\n\t\t\t<div class=\"elementor-widget-wrap elementor-element-populated\">\n\t\t\t\t\t\t<div class=\"elementor-element elementor-element-018773e elementor-widget elementor-widget-image\" data-id=\"018773e\" data-element_type=\"widget\" data-e-type=\"widget\" data-widget_type=\"image.default\">\n\t\t\t\t<div class=\"elementor-widget-container\">\n\t\t\t\t\t\t\t\t\t\t\t\t\t\t\t\t<a href=\"https:\/\/hitelesandras.hu\/\" target=\"_blank\" rel=\"noopener\">\n\t\t\t\t\t\t\t<img fetchpriority=\"high\" decoding=\"async\" width=\"300\" height=\"177\" src=\"https:\/\/hanak-arnyekolas.hu\/wp-content\/uploads\/2024\/05\/HitelesAndras-logo-1-768x452-1-300x177.webp\" class=\"attachment-medium size-medium wp-image-2099\" alt=\"\" srcset=\"https:\/\/hanak-arnyekolas.hu\/wp-content\/uploads\/2024\/05\/HitelesAndras-logo-1-768x452-1-300x177.webp 300w, https:\/\/hanak-arnyekolas.hu\/wp-content\/uploads\/2024\/05\/HitelesAndras-logo-1-768x452-1-600x353.webp 600w, https:\/\/hanak-arnyekolas.hu\/wp-content\/uploads\/2024\/05\/HitelesAndras-logo-1-768x452-1-18x12.webp 18w, https:\/\/hanak-arnyekolas.hu\/wp-content\/uploads\/2024\/05\/HitelesAndras-logo-1-768x452-1.webp 768w\" sizes=\"(max-width: 300px) 100vw, 300px\" \/>\t\t\t\t\t\t\t\t<\/a>\n\t\t\t\t\t\t\t\t\t\t\t\t\t\t\t<\/div>\n\t\t\t\t<\/div>\n\t\t\t\t\t<\/div>\n\t\t<\/div>\n\t\t\t\t<div class=\"elementor-column elementor-col-50 elementor-top-column elementor-element elementor-element-3e15cdb\" data-id=\"3e15cdb\" data-element_type=\"column\" data-e-type=\"column\">\n\t\t\t<div class=\"elementor-widget-wrap elementor-element-populated\">\n\t\t\t\t\t\t<div class=\"elementor-element elementor-element-f14b055 elementor-widget elementor-widget-text-editor\" data-id=\"f14b055\" data-element_type=\"widget\" data-e-type=\"widget\" data-widget_type=\"text-editor.default\">\n\t\t\t\t<div class=\"elementor-widget-container\">\n\t\t\t\t\t\t\t\t\t<p>Az al\u00e1bbi gombra kattintva adja meg adatait \u00e9s Andr\u00e1s\u00e9k csapata 4 \u00f3r\u00e1n bel\u00fcl felszi \u00d6nnek a kapcsolatot.<\/p>\t\t\t\t\t\t\t\t<\/div>\n\t\t\t\t<\/div>\n\t\t\t\t<div class=\"elementor-element elementor-element-905e60d elementor-align-center elementor-mobile-align-left elementor-widget elementor-widget-button\" data-id=\"905e60d\" data-element_type=\"widget\" data-e-type=\"widget\" data-widget_type=\"button.default\">\n\t\t\t\t<div class=\"elementor-widget-container\">\n\t\t\t\t\t\t\t\t\t<div class=\"elementor-button-wrapper\">\n\t\t\t\t\t<a class=\"elementor-button elementor-button-link elementor-size-lg elementor-animation-push\" href=\"https:\/\/salesautopilot.s3.amazonaws.com\/newsletter\/letter\/nl105947\/ns295453\/subscribe.html\" target=\"_blank\" rel=\"noopener\">\n\t\t\t\t\t\t<span class=\"elementor-button-content-wrapper\">\n\t\t\t\t\t\t\t\t\t<span class=\"elementor-button-text\">Keressenek meg<\/span>\n\t\t\t\t\t<\/span>\n\t\t\t\t\t<\/a>\n\t\t\t\t<\/div>\n\t\t\t\t\t\t\t\t<\/div>\n\t\t\t\t<\/div>\n\t\t\t\t\t<\/div>\n\t\t<\/div>\n\t\t\t\t\t<\/div>\n\t\t<\/section>\n\t\t\t\t<section data-particle_enable=\"false\" data-particle-mobile-disabled=\"false\" class=\"elementor-section elementor-top-section elementor-element elementor-element-f9db3c6 elementor-section-boxed elementor-section-height-default elementor-section-height-default\" data-id=\"f9db3c6\" data-element_type=\"section\" data-e-type=\"section\">\n\t\t\t\t\t\t<div class=\"elementor-container elementor-column-gap-default\">\n\t\t\t\t\t<div class=\"elementor-column elementor-col-100 elementor-top-column elementor-element elementor-element-ed7d2e1\" data-id=\"ed7d2e1\" data-element_type=\"column\" data-e-type=\"column\">\n\t\t\t<div class=\"elementor-widget-wrap elementor-element-populated\">\n\t\t\t\t\t\t<div class=\"elementor-element elementor-element-3e3c0a0 elementor-widget elementor-widget-heading\" data-id=\"3e3c0a0\" data-element_type=\"widget\" data-e-type=\"widget\" data-widget_type=\"heading.default\">\n\t\t\t\t<div class=\"elementor-widget-container\">\n\t\t\t\t\t<h3 class=\"elementor-heading-title elementor-size-default\">Amennyiben szeretn\u00e9 kisz\u00e1m\u00edtani milyen kond\u00edci\u00f3kkal juthat hitelhez, haszn\u00e1lja az al\u00e1bbi linken el\u00e9rhet\u0151 kalkul\u00e1tort<\/h3>\t\t\t\t<\/div>\n\t\t\t\t<\/div>\n\t\t\t\t<div class=\"elementor-element elementor-element-5f944c1 elementor-align-center elementor-mobile-align-left elementor-widget elementor-widget-button\" data-id=\"5f944c1\" data-element_type=\"widget\" data-e-type=\"widget\" data-widget_type=\"button.default\">\n\t\t\t\t<div class=\"elementor-widget-container\">\n\t\t\t\t\t\t\t\t\t<div class=\"elementor-button-wrapper\">\n\t\t\t\t\t<a class=\"elementor-button elementor-button-link elementor-size-lg elementor-animation-push\" href=\"https:\/\/bankmonitor.hu\/szemelyi-kolcson\/?link_type=tile-menu-item\" target=\"_blank\" rel=\"noopener\">\n\t\t\t\t\t\t<span class=\"elementor-button-content-wrapper\">\n\t\t\t\t\t\t\t\t\t<span class=\"elementor-button-text\">Tov\u00e1bb a Kalkul\u00e1torra<\/span>\n\t\t\t\t\t<\/span>\n\t\t\t\t\t<\/a>\n\t\t\t\t<\/div>\n\t\t\t\t\t\t\t\t<\/div>\n\t\t\t\t<\/div>\n\t\t\t\t\t<\/div>\n\t\t<\/div>\n\t\t\t\t\t<\/div>\n\t\t<\/section>\n\t\t\t\t<section data-particle_enable=\"false\" data-particle-mobile-disabled=\"false\" class=\"elementor-section elementor-top-section elementor-element elementor-element-2fb0edb elementor-section-boxed elementor-section-height-default elementor-section-height-default\" data-id=\"2fb0edb\" data-element_type=\"section\" data-e-type=\"section\" data-settings=\"{&quot;background_background&quot;:&quot;classic&quot;,&quot;shape_divider_top&quot;:&quot;opacity-tilt&quot;}\">\n\t\t\t\t\t<div class=\"elementor-shape elementor-shape-top\" aria-hidden=\"true\" data-negative=\"false\">\n\t\t\t<svg xmlns=\"http:\/\/www.w3.org\/2000\/svg\" viewbox=\"0 0 2600 131.1\" preserveaspectratio=\"none\">\n\t<path class=\"elementor-shape-fill\" d=\"M0 0L2600 0 2600 69.1 0 0z\"\/>\n\t<path class=\"elementor-shape-fill\" style=\"opacity:0.5\" d=\"M0 0L2600 0 2600 69.1 0 69.1z\"\/>\n\t<path class=\"elementor-shape-fill\" style=\"opacity:0.25\" d=\"M2600 0L0 0 0 130.1 2600 69.1z\"\/>\n<\/svg>\t\t<\/div>\n\t\t\t\t\t<div class=\"elementor-container elementor-column-gap-default\">\n\t\t\t\t\t<div class=\"elementor-column elementor-col-100 elementor-top-column elementor-element elementor-element-7357aa2\" data-id=\"7357aa2\" data-element_type=\"column\" data-e-type=\"column\">\n\t\t\t<div class=\"elementor-widget-wrap elementor-element-populated\">\n\t\t\t\t\t\t<div class=\"elementor-element elementor-element-f6be11f elementor-widget elementor-widget-heading\" data-id=\"f6be11f\" data-element_type=\"widget\" data-e-type=\"widget\" data-widget_type=\"heading.default\">\n\t\t\t\t<div class=\"elementor-widget-container\">\n\t\t\t\t\t<h3 class=\"elementor-heading-title elementor-size-default\">B\u0151vebben a hitelr\u0151l<\/h3>\t\t\t\t<\/div>\n\t\t\t\t<\/div>\n\t\t\t\t<section data-particle_enable=\"false\" data-particle-mobile-disabled=\"false\" class=\"elementor-section elementor-inner-section elementor-element elementor-element-adcb6a6 elementor-section-boxed elementor-section-height-default elementor-section-height-default\" data-id=\"adcb6a6\" data-element_type=\"section\" data-e-type=\"section\">\n\t\t\t\t\t\t<div class=\"elementor-container elementor-column-gap-default\">\n\t\t\t\t\t<div class=\"elementor-column elementor-col-100 elementor-inner-column elementor-element elementor-element-e29f86b\" data-id=\"e29f86b\" data-element_type=\"column\" data-e-type=\"column\" data-settings=\"{&quot;background_background&quot;:&quot;classic&quot;}\">\n\t\t\t<div class=\"elementor-widget-wrap elementor-element-populated\">\n\t\t\t\t\t<div class=\"elementor-background-overlay\"><\/div>\n\t\t\t\t\t\t<div class=\"elementor-element elementor-element-30c3b1b elementor-widget elementor-widget-text-editor\" data-id=\"30c3b1b\" data-element_type=\"widget\" data-e-type=\"widget\" data-widget_type=\"text-editor.default\">\n\t\t\t\t<div class=\"elementor-widget-container\">\n\t\t\t\t\t\t\t\t\t<div class=\"v1gmail_default\">\n<p>Az elm\u00falt id\u0151szak 8 pergola megrendel\u0151nk k\u00f6z\u00fcl, h\u00e1rman hitelt ig\u00e9nyeltek, \u00e9s \u0151ket k\u00e9rdezt\u00fck, hogy mi volt a f\u0151 ok, hogy hitelt vettek fel?<\/p>\n<p>A legf\u0151bb okok az al\u00e1bbiak voltak:<\/p>\n<\/div>\n<ul>\n<li class=\"v1gmail_default\">a saj\u00e1t megtakar\u00edt\u00e1s, egy a hitelkamatn\u00e1l magasabb kamatoz\u00e1s\u00fa \u00e1llampap\u00edrban van, \u00edgy ez volt a logikus d\u00f6nt\u00e9s<\/li>\n<li class=\"v1gmail_default\">f\u00e9lek, hogy \u00fajabb drasztikus \u00e1remelked\u00e9s lesz, \u00edgy mindenk\u00e9pp szeretn\u00e9m a mostani \u00e1ron megrendelni az \u00e1rny\u00e9kol\u00f3t, a hitelt meg ahogy tudom, kifizetem<\/li>\n<li class=\"v1gmail_default\">jelenleg a v\u00e1llalkoz\u00e1s fejleszt\u00e9se a f\u00f3kusz, \u00edgy nem szeretn\u00e9k abb\u00f3l p\u00e9nzt kivonni<\/li>\n<li class=\"v1gmail_default\">m\u00e1r id\u00e9n ny\u00e1ron szeretn\u00e9m a csal\u00e1di \u00f6sszej\u00f6vetelekre haszn\u00e1lni a teraszt, \u00edgy bev\u00e1llaltam, hogy a kamatok miatt egy picivel t\u00f6bbet fogok fizetni&#8230;<\/li>\n<\/ul>\n<div class=\"v1gmail_default\">\n<p>No de n\u00e9zz\u00fcnk egy konkr\u00e9t p\u00e9ldat&#8230;. <strong>4 milli\u00f3 forintos bioklimatikus pergol\u00e1ra<\/strong>.<\/p>\n<p>Jellemz\u0151en k\u00e9t t\u00edpus\u00fa hitelt lehet ig\u00e9nyelni e c\u00e9lra:<\/p>\n<ul>\n<li><strong>szem\u00e9lyi k\u00f6lcs\u00f6nt<\/strong>, illetve<\/li>\n<li><strong>jelz\u00e1loghitelt.<\/strong><\/li>\n<\/ul>\n<p>A szem\u00e9lyi k\u00f6lcs\u00f6n n\u00e9pszer\u0171s\u00e9ge &#8211; a gyorsas\u00e1g \u00e9s a rugalmass\u00e1ga &#8211; megk\u00e9rd\u0151jelezhetetlen.&nbsp;<\/p>\n<\/div>\n<div class=\"v1gmail_default\">\n<p>P\u00e1r napos banki folyamat sor\u00e1n, m\u00e1r a banksz\u00e1ml\u00e1nkon van a p\u00e9nz, amelynek a havi t\u00f6rleszt\u0151je &#8211; 84 h\u00f3napra &#8211; 69.133,- Ft.<\/p>\n<p>A hitel term\u00e9szetesen <strong>forint alap\u00fa \u00e9s fix kamatoz\u00e1s\u00fa!<\/strong><\/p>\n<\/div>\n<div class=\"v1gmail_default\">A term\u00e9k rugalmass\u00e1ga, az esetleges el\u0151 \u00e9s v\u00e9gt\u00f6rleszt\u00e9sn\u00e9l is visszak\u00f6sz\u00f6n, hisz b\u00e1rmikor lehet bele fizetni kisebb-nagyobb \u00f6sszeget, amit minim\u00e1lis d\u00edj mellett &#8211; jellemz\u0151en 0,5-1% &#8211; tudunk megtenni.<\/div>\n<div class=\"v1gmail_default\">&nbsp;<\/div>\n<div class=\"v1gmail_default\">Amennyiben id\u0151 el\u0151tt kifizetj\u00fck a hitelt, \u00fagy csak a megszolg\u00e1lt id\u0151 ut\u00e1n kell kamatokat fizetni, \u00edgy ha p\u00e9ld\u00e1ul 2 \u00e9v ut\u00e1n lez\u00e1rjuk a hitelt, akkor a teljes visszafizetend\u0151 \u00f6sszeg 4,8 milli\u00f3 forint&#8230;.<\/div>\n<div class=\"v1gmail_default\">&nbsp;<\/div>\n<div class=\"v1gmail_default\">A hitelig\u00e9nyl\u00e9s egy felel\u0151ss\u00e9gteljes d\u00f6nt\u00e9s, ahol t\u00f6bb \u00e9vre elk\u00f6telez\u0151d\u00fcnk egy adott bank ir\u00e1ny\u00e1ba. Partner\u00fcnk az ig\u00e9nyekhez \u00e9s a lehet\u0151s\u00e9gekhez m\u00e9rten &#8211; d\u00edjmentesen &#8211; seg\u00edt a megfelel\u0151 bank kiv\u00e1laszt\u00e1s\u00e1ban.<\/div>\t\t\t\t\t\t\t\t<\/div>\n\t\t\t\t<\/div>\n\t\t\t\t<div class=\"elementor-element elementor-element-862beeb elementor-align-center elementor-mobile-align-left elementor-widget elementor-widget-button\" data-id=\"862beeb\" data-element_type=\"widget\" data-e-type=\"widget\" data-widget_type=\"button.default\">\n\t\t\t\t<div class=\"elementor-widget-container\">\n\t\t\t\t\t\t\t\t\t<div class=\"elementor-button-wrapper\">\n\t\t\t\t\t<a class=\"elementor-button elementor-button-link elementor-size-lg elementor-animation-push\" href=\"https:\/\/salesautopilot.s3.amazonaws.com\/newsletter\/letter\/nl105947\/ns295453\/subscribe.html\" target=\"_blank\" rel=\"noopener\">\n\t\t\t\t\t\t<span class=\"elementor-button-content-wrapper\">\n\t\t\t\t\t\t\t\t\t<span class=\"elementor-button-text\">Hitelt szeretn\u00e9k felvenni<\/span>\n\t\t\t\t\t<\/span>\n\t\t\t\t\t<\/a>\n\t\t\t\t<\/div>\n\t\t\t\t\t\t\t\t<\/div>\n\t\t\t\t<\/div>\n\t\t\t\t\t<\/div>\n\t\t<\/div>\n\t\t\t\t\t<\/div>\n\t\t<\/section>\n\t\t\t\t\t<\/div>\n\t\t<\/div>\n\t\t\t\t\t<\/div>\n\t\t<\/section>\n\t\t\t\t<section data-particle_enable=\"false\" data-particle-mobile-disabled=\"false\" class=\"elementor-section elementor-top-section elementor-element elementor-element-06e2075 elementor-section-boxed elementor-section-height-default elementor-section-height-default\" data-id=\"06e2075\" data-element_type=\"section\" data-e-type=\"section\" data-settings=\"{&quot;background_background&quot;:&quot;classic&quot;,&quot;shape_divider_top&quot;:&quot;opacity-tilt&quot;}\">\n\t\t\t\t\t\t\t<div class=\"elementor-background-overlay\"><\/div>\n\t\t\t\t\t\t<div class=\"elementor-shape elementor-shape-top\" aria-hidden=\"true\" data-negative=\"false\">\n\t\t\t<svg xmlns=\"http:\/\/www.w3.org\/2000\/svg\" viewbox=\"0 0 2600 131.1\" preserveaspectratio=\"none\">\n\t<path class=\"elementor-shape-fill\" d=\"M0 0L2600 0 2600 69.1 0 0z\"\/>\n\t<path class=\"elementor-shape-fill\" style=\"opacity:0.5\" d=\"M0 0L2600 0 2600 69.1 0 69.1z\"\/>\n\t<path class=\"elementor-shape-fill\" style=\"opacity:0.25\" d=\"M2600 0L0 0 0 130.1 2600 69.1z\"\/>\n<\/svg>\t\t<\/div>\n\t\t\t\t\t<div class=\"elementor-container elementor-column-gap-default\">\n\t\t\t\t\t<div class=\"elementor-column elementor-col-50 elementor-top-column elementor-element elementor-element-1b854b7\" data-id=\"1b854b7\" data-element_type=\"column\" data-e-type=\"column\">\n\t\t\t<div class=\"elementor-widget-wrap elementor-element-populated\">\n\t\t\t\t\t\t<div class=\"elementor-element elementor-element-f25a31d elementor-widget elementor-widget-heading\" data-id=\"f25a31d\" data-element_type=\"widget\" data-e-type=\"widget\" data-widget_type=\"heading.default\">\n\t\t\t\t<div class=\"elementor-widget-container\">\n\t\t\t\t\t<p class=\"elementor-heading-title elementor-size-default\">Message us!\n<\/p>\t\t\t\t<\/div>\n\t\t\t\t<\/div>\n\t\t\t\t<div class=\"elementor-element elementor-element-330757b elementor-widget elementor-widget-heading\" data-id=\"330757b\" data-element_type=\"widget\" data-e-type=\"widget\" data-widget_type=\"heading.default\">\n\t\t\t\t<div class=\"elementor-widget-container\">\n\t\t\t\t\t<p class=\"elementor-heading-title elementor-size-default\">Request a personalized price offer!\n<\/p>\t\t\t\t<\/div>\n\t\t\t\t<\/div>\n\t\t\t\t\t<\/div>\n\t\t<\/div>\n\t\t\t\t<div class=\"elementor-column elementor-col-50 elementor-top-column elementor-element elementor-element-a99b34d\" data-id=\"a99b34d\" data-element_type=\"column\" data-e-type=\"column\">\n\t\t\t<div class=\"elementor-widget-wrap elementor-element-populated\">\n\t\t\t\t\t\t<div class=\"elementor-element elementor-element-339ce35 elementor-align-right elementor-mobile-align-left elementor-widget elementor-widget-button\" data-id=\"339ce35\" data-element_type=\"widget\" data-e-type=\"widget\" data-widget_type=\"button.default\">\n\t\t\t\t<div class=\"elementor-widget-container\">\n\t\t\t\t\t\t\t\t\t<div class=\"elementor-button-wrapper\">\n\t\t\t\t\t<a class=\"elementor-button elementor-button-link elementor-size-lg elementor-animation-push\" href=\"https:\/\/hanak-arnyekolas.hu\/en\/arajanlatkeres\/\">\n\t\t\t\t\t\t<span class=\"elementor-button-content-wrapper\">\n\t\t\t\t\t\t\t\t\t<span class=\"elementor-button-text\">Quote request<\/span>\n\t\t\t\t\t<\/span>\n\t\t\t\t\t<\/a>\n\t\t\t\t<\/div>\n\t\t\t\t\t\t\t\t<\/div>\n\t\t\t\t<\/div>\n\t\t\t\t\t<\/div>\n\t\t<\/div>\n\t\t\t\t\t<\/div>\n\t\t<\/section>\n\t\t\t\t<\/div>","protected":false},"excerpt":{"rendered":"<p>Objekt\u00edv hiteltan\u00e1csad\u00e1s | Gyorsas\u00e1g, rugalmass\u00e1g | Szak\u00e9rtelem Partner\u00fcnk Hiteles Andr\u00e1s, a Bankmonitor.hu szak\u00e9rt\u0151je Az al\u00e1bbi gombra kattintva adja meg adatait \u00e9s Andr\u00e1s\u00e9k csapata 4 \u00f3r\u00e1n bel\u00fcl felszi \u00d6nnek a kapcsolatot. Keressenek meg Amennyiben szeretn\u00e9 kisz\u00e1m\u00edtani milyen kond\u00edci\u00f3kkal juthat hitelhez, haszn\u00e1lja az al\u00e1bbi linken el\u00e9rhet\u0151 kalkul\u00e1tort Tov\u00e1bb a Kalkul\u00e1torra B\u0151vebben a hitelr\u0151l Az elm\u00falt id\u0151szak 8 [&hellip;]<\/p>","protected":false},"author":3,"featured_media":0,"parent":0,"menu_order":0,"comment_status":"closed","ping_status":"closed","template":"elementor_header_footer","meta":{"footnotes":""},"class_list":["post-2096","page","type-page","status-publish","hentry"],"_links":{"self":[{"href":"https:\/\/hanak-arnyekolas.hu\/en\/wp-json\/wp\/v2\/pages\/2096","targetHints":{"allow":["GET"]}}],"collection":[{"href":"https:\/\/hanak-arnyekolas.hu\/en\/wp-json\/wp\/v2\/pages"}],"about":[{"href":"https:\/\/hanak-arnyekolas.hu\/en\/wp-json\/wp\/v2\/types\/page"}],"author":[{"embeddable":true,"href":"https:\/\/hanak-arnyekolas.hu\/en\/wp-json\/wp\/v2\/users\/3"}],"replies":[{"embeddable":true,"href":"https:\/\/hanak-arnyekolas.hu\/en\/wp-json\/wp\/v2\/comments?post=2096"}],"version-history":[{"count":12,"href":"https:\/\/hanak-arnyekolas.hu\/en\/wp-json\/wp\/v2\/pages\/2096\/revisions"}],"predecessor-version":[{"id":2110,"href":"https:\/\/hanak-arnyekolas.hu\/en\/wp-json\/wp\/v2\/pages\/2096\/revisions\/2110"}],"wp:attachment":[{"href":"https:\/\/hanak-arnyekolas.hu\/en\/wp-json\/wp\/v2\/media?parent=2096"}],"curies":[{"name":"wp","href":"https:\/\/api.w.org\/{rel}","templated":true}]}}