{"id":1533,"date":"2024-03-06T12:48:16","date_gmt":"2024-03-06T11:48:16","guid":{"rendered":"https:\/\/hanak-arnyekolas.hu\/?page_id=1533"},"modified":"2024-03-06T12:48:18","modified_gmt":"2024-03-06T11:48:18","slug":"napellenzo-szinek-napfeny-szinvilag","status":"publish","type":"page","link":"https:\/\/hanak-arnyekolas.hu\/en\/kulter\/napellenzo-szinek-napfeny-szinvilag\/","title":{"rendered":"Awning colors - Sunlight colors"},"content":{"rendered":"<div data-elementor-type=\"wp-page\" data-elementor-id=\"1533\" class=\"elementor elementor-1533\" data-elementor-post-type=\"page\">\n\t\t\t\t\t\t<section data-particle_enable=\"false\" data-particle-mobile-disabled=\"false\" class=\"elementor-section elementor-top-section elementor-element elementor-element-1cf19b2 elementor-section-boxed elementor-section-height-default elementor-section-height-default\" data-id=\"1cf19b2\" data-element_type=\"section\" data-e-type=\"section\" data-settings=\"{&quot;background_background&quot;:&quot;gradient&quot;,&quot;shape_divider_bottom&quot;:&quot;opacity-tilt&quot;}\">\n\t\t\t\t\t<div class=\"elementor-shape elementor-shape-bottom\" aria-hidden=\"true\" data-negative=\"false\">\n\t\t\t<svg xmlns=\"http:\/\/www.w3.org\/2000\/svg\" viewbox=\"0 0 2600 131.1\" preserveaspectratio=\"none\">\n\t<path class=\"elementor-shape-fill\" d=\"M0 0L2600 0 2600 69.1 0 0z\"\/>\n\t<path class=\"elementor-shape-fill\" style=\"opacity:0.5\" d=\"M0 0L2600 0 2600 69.1 0 69.1z\"\/>\n\t<path class=\"elementor-shape-fill\" style=\"opacity:0.25\" d=\"M2600 0L0 0 0 130.1 2600 69.1z\"\/>\n<\/svg>\t\t<\/div>\n\t\t\t\t\t<div class=\"elementor-container elementor-column-gap-default\">\n\t\t\t\t\t<div class=\"elementor-column elementor-col-100 elementor-top-column elementor-element elementor-element-df94608\" data-id=\"df94608\" data-element_type=\"column\" data-e-type=\"column\">\n\t\t\t<div class=\"elementor-widget-wrap elementor-element-populated\">\n\t\t\t\t\t\t<div class=\"elementor-element elementor-element-0e281b9 elementor-widget elementor-widget-heading\" data-id=\"0e281b9\" data-element_type=\"widget\" data-e-type=\"widget\" data-widget_type=\"heading.default\">\n\t\t\t\t<div class=\"elementor-widget-container\">\n\t\t\t\t\t<h1 class=\"elementor-heading-title elementor-size-default\">Awning colors - Sunlight colors<\/h1>\t\t\t\t<\/div>\n\t\t\t\t<\/div>\n\t\t\t\t\t<\/div>\n\t\t<\/div>\n\t\t\t\t\t<\/div>\n\t\t<\/section>\n\t\t\t\t<section data-particle_enable=\"false\" data-particle-mobile-disabled=\"false\" class=\"elementor-section elementor-top-section elementor-element elementor-element-d249e87 elementor-section-boxed elementor-section-height-default elementor-section-height-default\" data-id=\"d249e87\" data-element_type=\"section\" data-e-type=\"section\">\n\t\t\t\t\t\t<div class=\"elementor-container elementor-column-gap-default\">\n\t\t\t\t\t<div class=\"elementor-column elementor-col-100 elementor-top-column elementor-element elementor-element-7d40e76\" data-id=\"7d40e76\" data-element_type=\"column\" data-e-type=\"column\">\n\t\t\t<div class=\"elementor-widget-wrap elementor-element-populated\">\n\t\t\t\t\t\t<section data-particle_enable=\"false\" data-particle-mobile-disabled=\"false\" class=\"elementor-section elementor-inner-section elementor-element elementor-element-5046516 elementor-section-boxed elementor-section-height-default elementor-section-height-default\" data-id=\"5046516\" data-element_type=\"section\" data-e-type=\"section\">\n\t\t\t\t\t\t<div class=\"elementor-container elementor-column-gap-default\">\n\t\t\t\t\t<div class=\"elementor-column elementor-col-100 elementor-inner-column elementor-element elementor-element-49764ca\" data-id=\"49764ca\" data-element_type=\"column\" data-e-type=\"column\">\n\t\t\t<div class=\"elementor-widget-wrap elementor-element-populated\">\n\t\t\t\t\t\t<div class=\"elementor-element elementor-element-cc89db4 elementor-widget elementor-widget-text-editor\" data-id=\"cc89db4\" data-element_type=\"widget\" data-e-type=\"widget\" data-widget_type=\"text-editor.default\">\n\t\t\t\t<div class=\"elementor-widget-container\">\n\t\t\t\t\t\t\t\t\t<p>Colors may differ from reality. Please see our color sample before ordering!<\/p>\t\t\t\t\t\t\t\t<\/div>\n\t\t\t\t<\/div>\n\t\t\t\t<div class=\"elementor-element elementor-element-18da0c9 elementor-widget-divider--separator-type-pattern elementor-widget-divider--view-line elementor-widget elementor-widget-divider\" data-id=\"18da0c9\" data-element_type=\"widget\" data-e-type=\"widget\" data-widget_type=\"divider.default\">\n\t\t\t\t<div class=\"elementor-widget-container\">\n\t\t\t\t\t\t\t<div class=\"elementor-divider\" style=\"--divider-pattern-url: url(&quot;data:image\/svg+xml,%3Csvg xmlns=&#039;http:\/\/www.w3.org\/2000\/svg&#039; preserveAspectRatio=&#039;none&#039; overflow=&#039;visible&#039; height=&#039;100%&#039; viewBox=&#039;0 0 24 24&#039; fill=&#039;black&#039; stroke=&#039;none&#039;%3E%3Cpolygon points=&#039;9.4,2 24,2 14.6,21.6 0,21.6&#039;\/%3E%3C\/svg%3E&quot;);\">\n\t\t\t<span class=\"elementor-divider-separator\">\n\t\t\t\t\t\t<\/span>\n\t\t<\/div>\n\t\t\t\t\t\t<\/div>\n\t\t\t\t<\/div>\n\t\t\t\t\t<\/div>\n\t\t<\/div>\n\t\t\t\t\t<\/div>\n\t\t<\/section>\n\t\t\t\t\t<\/div>\n\t\t<\/div>\n\t\t\t\t\t<\/div>\n\t\t<\/section>\n\t\t\t\t<section data-particle_enable=\"false\" data-particle-mobile-disabled=\"false\" class=\"elementor-section elementor-top-section elementor-element elementor-element-3116455 elementor-section-boxed elementor-section-height-default elementor-section-height-default\" data-id=\"3116455\" data-element_type=\"section\" data-e-type=\"section\">\n\t\t\t\t\t\t<div class=\"elementor-container elementor-column-gap-default\">\n\t\t\t\t\t<div class=\"elementor-column elementor-col-100 elementor-top-column elementor-element elementor-element-bda6734\" data-id=\"bda6734\" data-element_type=\"column\" data-e-type=\"column\">\n\t\t\t<div class=\"elementor-widget-wrap elementor-element-populated\">\n\t\t\t\t\t\t<div class=\"elementor-element elementor-element-278d14c gallery-spacing-custom elementor-widget elementor-widget-image-gallery\" data-id=\"278d14c\" data-element_type=\"widget\" data-e-type=\"widget\" data-widget_type=\"image-gallery.default\">\n\t\t\t\t<div class=\"elementor-widget-container\">\n\t\t\t\t\t\t\t<div class=\"elementor-image-gallery\">\n\t\t\t<div id='gallery-1' class='gallery galleryid-1533 gallery-columns-4 gallery-size-full'><figure class='gallery-item'>\n\t\t\t<div class='gallery-icon landscape'>\n\t\t\t\t<a data-elementor-open-lightbox=\"yes\" data-elementor-lightbox-slideshow=\"278d14c\" data-elementor-lightbox-title=\"320-679\" data-e-action-hash=\"#elementor-action%3Aaction%3Dlightbox%26settings%3DeyJpZCI6MTQ3OCwidXJsIjoiaHR0cHM6XC9cL2hhbmFrLWFybnlla29sYXMuaHVcL3dwLWNvbnRlbnRcL3VwbG9hZHNcLzIwMjRcLzAzXC8zMjAtNjc5LmpwZyIsInNsaWRlc2hvdyI6IjI3OGQxNGMifQ%3D%3D\" href='https:\/\/hanak-arnyekolas.hu\/wp-content\/uploads\/2024\/03\/320-679.jpg'><img fetchpriority=\"high\" decoding=\"async\" width=\"674\" height=\"220\" src=\"https:\/\/hanak-arnyekolas.hu\/wp-content\/uploads\/2024\/03\/320-679.jpg\" class=\"attachment-full size-full\" alt=\"\" aria-describedby=\"gallery-1-1478\" srcset=\"https:\/\/hanak-arnyekolas.hu\/wp-content\/uploads\/2024\/03\/320-679.jpg 674w, https:\/\/hanak-arnyekolas.hu\/wp-content\/uploads\/2024\/03\/320-679-600x196.jpg 600w, https:\/\/hanak-arnyekolas.hu\/wp-content\/uploads\/2024\/03\/320-679-300x98.jpg 300w, https:\/\/hanak-arnyekolas.hu\/wp-content\/uploads\/2024\/03\/320-679-18x6.jpg 18w\" sizes=\"(max-width: 674px) 100vw, 674px\" \/><\/a>\n\t\t\t<\/div>\n\t\t\t\t<figcaption class='wp-caption-text gallery-caption' id='gallery-1-1478'>\n\t\t\t\t320-679\n\t\t\t\t<\/figcaption><\/figure><figure class='gallery-item'>\n\t\t\t<div class='gallery-icon landscape'>\n\t\t\t\t<a data-elementor-open-lightbox=\"yes\" data-elementor-lightbox-slideshow=\"278d14c\" data-elementor-lightbox-title=\"320-452\" data-e-action-hash=\"#elementor-action%3Aaction%3Dlightbox%26settings%3DeyJpZCI6MTQ3NywidXJsIjoiaHR0cHM6XC9cL2hhbmFrLWFybnlla29sYXMuaHVcL3dwLWNvbnRlbnRcL3VwbG9hZHNcLzIwMjRcLzAzXC8zMjAtNDUyLmpwZyIsInNsaWRlc2hvdyI6IjI3OGQxNGMifQ%3D%3D\" href='https:\/\/hanak-arnyekolas.hu\/wp-content\/uploads\/2024\/03\/320-452.jpg'><img decoding=\"async\" width=\"676\" height=\"220\" src=\"https:\/\/hanak-arnyekolas.hu\/wp-content\/uploads\/2024\/03\/320-452.jpg\" class=\"attachment-full size-full\" alt=\"\" aria-describedby=\"gallery-1-1477\" srcset=\"https:\/\/hanak-arnyekolas.hu\/wp-content\/uploads\/2024\/03\/320-452.jpg 676w, https:\/\/hanak-arnyekolas.hu\/wp-content\/uploads\/2024\/03\/320-452-600x195.jpg 600w, https:\/\/hanak-arnyekolas.hu\/wp-content\/uploads\/2024\/03\/320-452-300x98.jpg 300w, https:\/\/hanak-arnyekolas.hu\/wp-content\/uploads\/2024\/03\/320-452-18x6.jpg 18w\" sizes=\"(max-width: 676px) 100vw, 676px\" \/><\/a>\n\t\t\t<\/div>\n\t\t\t\t<figcaption class='wp-caption-text gallery-caption' id='gallery-1-1477'>\n\t\t\t\t320-452\n\t\t\t\t<\/figcaption><\/figure><figure class='gallery-item'>\n\t\t\t<div class='gallery-icon landscape'>\n\t\t\t\t<a data-elementor-open-lightbox=\"yes\" data-elementor-lightbox-slideshow=\"278d14c\" data-elementor-lightbox-title=\"320-254\" data-e-action-hash=\"#elementor-action%3Aaction%3Dlightbox%26settings%3DeyJpZCI6MTQ3NiwidXJsIjoiaHR0cHM6XC9cL2hhbmFrLWFybnlla29sYXMuaHVcL3dwLWNvbnRlbnRcL3VwbG9hZHNcLzIwMjRcLzAzXC8zMjAtMjU0LmpwZyIsInNsaWRlc2hvdyI6IjI3OGQxNGMifQ%3D%3D\" href='https:\/\/hanak-arnyekolas.hu\/wp-content\/uploads\/2024\/03\/320-254.jpg'><img decoding=\"async\" width=\"676\" height=\"220\" src=\"https:\/\/hanak-arnyekolas.hu\/wp-content\/uploads\/2024\/03\/320-254.jpg\" class=\"attachment-full size-full\" alt=\"\" aria-describedby=\"gallery-1-1476\" srcset=\"https:\/\/hanak-arnyekolas.hu\/wp-content\/uploads\/2024\/03\/320-254.jpg 676w, https:\/\/hanak-arnyekolas.hu\/wp-content\/uploads\/2024\/03\/320-254-600x195.jpg 600w, https:\/\/hanak-arnyekolas.hu\/wp-content\/uploads\/2024\/03\/320-254-300x98.jpg 300w, https:\/\/hanak-arnyekolas.hu\/wp-content\/uploads\/2024\/03\/320-254-18x6.jpg 18w\" sizes=\"(max-width: 676px) 100vw, 676px\" \/><\/a>\n\t\t\t<\/div>\n\t\t\t\t<figcaption class='wp-caption-text gallery-caption' id='gallery-1-1476'>\n\t\t\t\t320-254\n\t\t\t\t<\/figcaption><\/figure><figure class='gallery-item'>\n\t\t\t<div class='gallery-icon landscape'>\n\t\t\t\t<a data-elementor-open-lightbox=\"yes\" data-elementor-lightbox-slideshow=\"278d14c\" data-elementor-lightbox-title=\"320-180\" data-e-action-hash=\"#elementor-action%3Aaction%3Dlightbox%26settings%3DeyJpZCI6MTQ3NSwidXJsIjoiaHR0cHM6XC9cL2hhbmFrLWFybnlla29sYXMuaHVcL3dwLWNvbnRlbnRcL3VwbG9hZHNcLzIwMjRcLzAzXC8zMjAtMTgwLmpwZyIsInNsaWRlc2hvdyI6IjI3OGQxNGMifQ%3D%3D\" href='https:\/\/hanak-arnyekolas.hu\/wp-content\/uploads\/2024\/03\/320-180.jpg'><img loading=\"lazy\" decoding=\"async\" width=\"676\" height=\"220\" src=\"https:\/\/hanak-arnyekolas.hu\/wp-content\/uploads\/2024\/03\/320-180.jpg\" class=\"attachment-full size-full\" alt=\"\" aria-describedby=\"gallery-1-1475\" srcset=\"https:\/\/hanak-arnyekolas.hu\/wp-content\/uploads\/2024\/03\/320-180.jpg 676w, https:\/\/hanak-arnyekolas.hu\/wp-content\/uploads\/2024\/03\/320-180-600x195.jpg 600w, https:\/\/hanak-arnyekolas.hu\/wp-content\/uploads\/2024\/03\/320-180-300x98.jpg 300w, https:\/\/hanak-arnyekolas.hu\/wp-content\/uploads\/2024\/03\/320-180-18x6.jpg 18w\" sizes=\"(max-width: 676px) 100vw, 676px\" \/><\/a>\n\t\t\t<\/div>\n\t\t\t\t<figcaption class='wp-caption-text gallery-caption' id='gallery-1-1475'>\n\t\t\t\t320-180\n\t\t\t\t<\/figcaption><\/figure><figure class='gallery-item'>\n\t\t\t<div class='gallery-icon landscape'>\n\t\t\t\t<a data-elementor-open-lightbox=\"yes\" data-elementor-lightbox-slideshow=\"278d14c\" data-elementor-lightbox-title=\"315-347\" data-e-action-hash=\"#elementor-action%3Aaction%3Dlightbox%26settings%3DeyJpZCI6MTQ3NCwidXJsIjoiaHR0cHM6XC9cL2hhbmFrLWFybnlla29sYXMuaHVcL3dwLWNvbnRlbnRcL3VwbG9hZHNcLzIwMjRcLzAzXC8zMTUtMzQ3LmpwZyIsInNsaWRlc2hvdyI6IjI3OGQxNGMifQ%3D%3D\" href='https:\/\/hanak-arnyekolas.hu\/wp-content\/uploads\/2024\/03\/315-347.jpg'><img loading=\"lazy\" decoding=\"async\" width=\"676\" height=\"220\" src=\"https:\/\/hanak-arnyekolas.hu\/wp-content\/uploads\/2024\/03\/315-347.jpg\" class=\"attachment-full size-full\" alt=\"\" aria-describedby=\"gallery-1-1474\" srcset=\"https:\/\/hanak-arnyekolas.hu\/wp-content\/uploads\/2024\/03\/315-347.jpg 676w, https:\/\/hanak-arnyekolas.hu\/wp-content\/uploads\/2024\/03\/315-347-600x195.jpg 600w, https:\/\/hanak-arnyekolas.hu\/wp-content\/uploads\/2024\/03\/315-347-300x98.jpg 300w, https:\/\/hanak-arnyekolas.hu\/wp-content\/uploads\/2024\/03\/315-347-18x6.jpg 18w\" sizes=\"(max-width: 676px) 100vw, 676px\" \/><\/a>\n\t\t\t<\/div>\n\t\t\t\t<figcaption class='wp-caption-text gallery-caption' id='gallery-1-1474'>\n\t\t\t\t315-347\n\t\t\t\t<\/figcaption><\/figure><figure class='gallery-item'>\n\t\t\t<div class='gallery-icon landscape'>\n\t\t\t\t<a data-elementor-open-lightbox=\"yes\" data-elementor-lightbox-slideshow=\"278d14c\" data-elementor-lightbox-title=\"315-267\" data-e-action-hash=\"#elementor-action%3Aaction%3Dlightbox%26settings%3DeyJpZCI6MTQ3MywidXJsIjoiaHR0cHM6XC9cL2hhbmFrLWFybnlla29sYXMuaHVcL3dwLWNvbnRlbnRcL3VwbG9hZHNcLzIwMjRcLzAzXC8zMTUtMjY3LmpwZyIsInNsaWRlc2hvdyI6IjI3OGQxNGMifQ%3D%3D\" href='https:\/\/hanak-arnyekolas.hu\/wp-content\/uploads\/2024\/03\/315-267.jpg'><img loading=\"lazy\" decoding=\"async\" width=\"676\" height=\"220\" src=\"https:\/\/hanak-arnyekolas.hu\/wp-content\/uploads\/2024\/03\/315-267.jpg\" class=\"attachment-full size-full\" alt=\"\" aria-describedby=\"gallery-1-1473\" srcset=\"https:\/\/hanak-arnyekolas.hu\/wp-content\/uploads\/2024\/03\/315-267.jpg 676w, https:\/\/hanak-arnyekolas.hu\/wp-content\/uploads\/2024\/03\/315-267-600x195.jpg 600w, https:\/\/hanak-arnyekolas.hu\/wp-content\/uploads\/2024\/03\/315-267-300x98.jpg 300w, https:\/\/hanak-arnyekolas.hu\/wp-content\/uploads\/2024\/03\/315-267-18x6.jpg 18w\" sizes=\"(max-width: 676px) 100vw, 676px\" \/><\/a>\n\t\t\t<\/div>\n\t\t\t\t<figcaption class='wp-caption-text gallery-caption' id='gallery-1-1473'>\n\t\t\t\t315-267\n\t\t\t\t<\/figcaption><\/figure><figure class='gallery-item'>\n\t\t\t<div class='gallery-icon landscape'>\n\t\t\t\t<a data-elementor-open-lightbox=\"yes\" data-elementor-lightbox-slideshow=\"278d14c\" data-elementor-lightbox-title=\"314-002\" data-e-action-hash=\"#elementor-action%3Aaction%3Dlightbox%26settings%3DeyJpZCI6MTQ2NywidXJsIjoiaHR0cHM6XC9cL2hhbmFrLWFybnlla29sYXMuaHVcL3dwLWNvbnRlbnRcL3VwbG9hZHNcLzIwMjRcLzAzXC8zMTQtMDAyLmpwZyIsInNsaWRlc2hvdyI6IjI3OGQxNGMifQ%3D%3D\" href='https:\/\/hanak-arnyekolas.hu\/wp-content\/uploads\/2024\/03\/314-002.jpg'><img loading=\"lazy\" decoding=\"async\" width=\"676\" height=\"220\" src=\"https:\/\/hanak-arnyekolas.hu\/wp-content\/uploads\/2024\/03\/314-002.jpg\" class=\"attachment-full size-full\" alt=\"\" aria-describedby=\"gallery-1-1467\" srcset=\"https:\/\/hanak-arnyekolas.hu\/wp-content\/uploads\/2024\/03\/314-002.jpg 676w, https:\/\/hanak-arnyekolas.hu\/wp-content\/uploads\/2024\/03\/314-002-600x195.jpg 600w, https:\/\/hanak-arnyekolas.hu\/wp-content\/uploads\/2024\/03\/314-002-300x98.jpg 300w, https:\/\/hanak-arnyekolas.hu\/wp-content\/uploads\/2024\/03\/314-002-18x6.jpg 18w\" sizes=\"(max-width: 676px) 100vw, 676px\" \/><\/a>\n\t\t\t<\/div>\n\t\t\t\t<figcaption class='wp-caption-text gallery-caption' id='gallery-1-1467'>\n\t\t\t\t314-002\n\t\t\t\t<\/figcaption><\/figure><figure class='gallery-item'>\n\t\t\t<div class='gallery-icon landscape'>\n\t\t\t\t<a data-elementor-open-lightbox=\"yes\" data-elementor-lightbox-slideshow=\"278d14c\" data-elementor-lightbox-title=\"314-003\" data-e-action-hash=\"#elementor-action%3Aaction%3Dlightbox%26settings%3DeyJpZCI6MTQ2OCwidXJsIjoiaHR0cHM6XC9cL2hhbmFrLWFybnlla29sYXMuaHVcL3dwLWNvbnRlbnRcL3VwbG9hZHNcLzIwMjRcLzAzXC8zMTQtMDAzLTEuanBnIiwic2xpZGVzaG93IjoiMjc4ZDE0YyJ9\" href='https:\/\/hanak-arnyekolas.hu\/wp-content\/uploads\/2024\/03\/314-003-1.jpg'><img loading=\"lazy\" decoding=\"async\" width=\"674\" height=\"220\" src=\"https:\/\/hanak-arnyekolas.hu\/wp-content\/uploads\/2024\/03\/314-003-1.jpg\" class=\"attachment-full size-full\" alt=\"\" aria-describedby=\"gallery-1-1468\" srcset=\"https:\/\/hanak-arnyekolas.hu\/wp-content\/uploads\/2024\/03\/314-003-1.jpg 674w, https:\/\/hanak-arnyekolas.hu\/wp-content\/uploads\/2024\/03\/314-003-1-600x196.jpg 600w, https:\/\/hanak-arnyekolas.hu\/wp-content\/uploads\/2024\/03\/314-003-1-300x98.jpg 300w, https:\/\/hanak-arnyekolas.hu\/wp-content\/uploads\/2024\/03\/314-003-1-18x6.jpg 18w\" sizes=\"(max-width: 674px) 100vw, 674px\" \/><\/a>\n\t\t\t<\/div>\n\t\t\t\t<figcaption class='wp-caption-text gallery-caption' id='gallery-1-1468'>\n\t\t\t\t314-003\n\t\t\t\t<\/figcaption><\/figure><figure class='gallery-item'>\n\t\t\t<div class='gallery-icon landscape'>\n\t\t\t\t<a data-elementor-open-lightbox=\"yes\" data-elementor-lightbox-slideshow=\"278d14c\" data-elementor-lightbox-title=\"314-014\" data-e-action-hash=\"#elementor-action%3Aaction%3Dlightbox%26settings%3DeyJpZCI6MTQ2OSwidXJsIjoiaHR0cHM6XC9cL2hhbmFrLWFybnlla29sYXMuaHVcL3dwLWNvbnRlbnRcL3VwbG9hZHNcLzIwMjRcLzAzXC8zMTQtMDE0LmpwZyIsInNsaWRlc2hvdyI6IjI3OGQxNGMifQ%3D%3D\" href='https:\/\/hanak-arnyekolas.hu\/wp-content\/uploads\/2024\/03\/314-014.jpg'><img loading=\"lazy\" decoding=\"async\" width=\"674\" height=\"220\" src=\"https:\/\/hanak-arnyekolas.hu\/wp-content\/uploads\/2024\/03\/314-014.jpg\" class=\"attachment-full size-full\" alt=\"\" aria-describedby=\"gallery-1-1469\" srcset=\"https:\/\/hanak-arnyekolas.hu\/wp-content\/uploads\/2024\/03\/314-014.jpg 674w, https:\/\/hanak-arnyekolas.hu\/wp-content\/uploads\/2024\/03\/314-014-600x196.jpg 600w, https:\/\/hanak-arnyekolas.hu\/wp-content\/uploads\/2024\/03\/314-014-300x98.jpg 300w, https:\/\/hanak-arnyekolas.hu\/wp-content\/uploads\/2024\/03\/314-014-18x6.jpg 18w\" sizes=\"(max-width: 674px) 100vw, 674px\" \/><\/a>\n\t\t\t<\/div>\n\t\t\t\t<figcaption class='wp-caption-text gallery-caption' id='gallery-1-1469'>\n\t\t\t\t314-014\n\t\t\t\t<\/figcaption><\/figure><figure class='gallery-item'>\n\t\t\t<div class='gallery-icon landscape'>\n\t\t\t\t<a data-elementor-open-lightbox=\"yes\" data-elementor-lightbox-slideshow=\"278d14c\" data-elementor-lightbox-title=\"314-223\" data-e-action-hash=\"#elementor-action%3Aaction%3Dlightbox%26settings%3DeyJpZCI6MTQ3MCwidXJsIjoiaHR0cHM6XC9cL2hhbmFrLWFybnlla29sYXMuaHVcL3dwLWNvbnRlbnRcL3VwbG9hZHNcLzIwMjRcLzAzXC8zMTQtMjIzLmpwZyIsInNsaWRlc2hvdyI6IjI3OGQxNGMifQ%3D%3D\" href='https:\/\/hanak-arnyekolas.hu\/wp-content\/uploads\/2024\/03\/314-223.jpg'><img loading=\"lazy\" decoding=\"async\" width=\"674\" height=\"220\" src=\"https:\/\/hanak-arnyekolas.hu\/wp-content\/uploads\/2024\/03\/314-223.jpg\" class=\"attachment-full size-full\" alt=\"\" aria-describedby=\"gallery-1-1470\" srcset=\"https:\/\/hanak-arnyekolas.hu\/wp-content\/uploads\/2024\/03\/314-223.jpg 674w, https:\/\/hanak-arnyekolas.hu\/wp-content\/uploads\/2024\/03\/314-223-600x196.jpg 600w, https:\/\/hanak-arnyekolas.hu\/wp-content\/uploads\/2024\/03\/314-223-300x98.jpg 300w, https:\/\/hanak-arnyekolas.hu\/wp-content\/uploads\/2024\/03\/314-223-18x6.jpg 18w\" sizes=\"(max-width: 674px) 100vw, 674px\" \/><\/a>\n\t\t\t<\/div>\n\t\t\t\t<figcaption class='wp-caption-text gallery-caption' id='gallery-1-1470'>\n\t\t\t\t314-223\n\t\t\t\t<\/figcaption><\/figure><figure class='gallery-item'>\n\t\t\t<div class='gallery-icon landscape'>\n\t\t\t\t<a data-elementor-open-lightbox=\"yes\" data-elementor-lightbox-slideshow=\"278d14c\" data-elementor-lightbox-title=\"314-610\" data-e-action-hash=\"#elementor-action%3Aaction%3Dlightbox%26settings%3DeyJpZCI6MTQ3MSwidXJsIjoiaHR0cHM6XC9cL2hhbmFrLWFybnlla29sYXMuaHVcL3dwLWNvbnRlbnRcL3VwbG9hZHNcLzIwMjRcLzAzXC8zMTQtNjEwLmpwZyIsInNsaWRlc2hvdyI6IjI3OGQxNGMifQ%3D%3D\" href='https:\/\/hanak-arnyekolas.hu\/wp-content\/uploads\/2024\/03\/314-610.jpg'><img loading=\"lazy\" decoding=\"async\" width=\"676\" height=\"220\" src=\"https:\/\/hanak-arnyekolas.hu\/wp-content\/uploads\/2024\/03\/314-610.jpg\" class=\"attachment-full size-full\" alt=\"\" aria-describedby=\"gallery-1-1471\" srcset=\"https:\/\/hanak-arnyekolas.hu\/wp-content\/uploads\/2024\/03\/314-610.jpg 676w, https:\/\/hanak-arnyekolas.hu\/wp-content\/uploads\/2024\/03\/314-610-600x195.jpg 600w, https:\/\/hanak-arnyekolas.hu\/wp-content\/uploads\/2024\/03\/314-610-300x98.jpg 300w, https:\/\/hanak-arnyekolas.hu\/wp-content\/uploads\/2024\/03\/314-610-18x6.jpg 18w\" sizes=\"(max-width: 676px) 100vw, 676px\" \/><\/a>\n\t\t\t<\/div>\n\t\t\t\t<figcaption class='wp-caption-text gallery-caption' id='gallery-1-1471'>\n\t\t\t\t314-610\n\t\t\t\t<\/figcaption><\/figure><figure class='gallery-item'>\n\t\t\t<div class='gallery-icon landscape'>\n\t\t\t\t<a data-elementor-open-lightbox=\"yes\" data-elementor-lightbox-slideshow=\"278d14c\" data-elementor-lightbox-title=\"314-947\" data-e-action-hash=\"#elementor-action%3Aaction%3Dlightbox%26settings%3DeyJpZCI6MTQ3MiwidXJsIjoiaHR0cHM6XC9cL2hhbmFrLWFybnlla29sYXMuaHVcL3dwLWNvbnRlbnRcL3VwbG9hZHNcLzIwMjRcLzAzXC8zMTQtOTQ3LmpwZyIsInNsaWRlc2hvdyI6IjI3OGQxNGMifQ%3D%3D\" href='https:\/\/hanak-arnyekolas.hu\/wp-content\/uploads\/2024\/03\/314-947.jpg'><img loading=\"lazy\" decoding=\"async\" width=\"674\" height=\"220\" src=\"https:\/\/hanak-arnyekolas.hu\/wp-content\/uploads\/2024\/03\/314-947.jpg\" class=\"attachment-full size-full\" alt=\"\" aria-describedby=\"gallery-1-1472\" srcset=\"https:\/\/hanak-arnyekolas.hu\/wp-content\/uploads\/2024\/03\/314-947.jpg 674w, https:\/\/hanak-arnyekolas.hu\/wp-content\/uploads\/2024\/03\/314-947-600x196.jpg 600w, https:\/\/hanak-arnyekolas.hu\/wp-content\/uploads\/2024\/03\/314-947-300x98.jpg 300w, https:\/\/hanak-arnyekolas.hu\/wp-content\/uploads\/2024\/03\/314-947-18x6.jpg 18w\" sizes=\"(max-width: 674px) 100vw, 674px\" \/><\/a>\n\t\t\t<\/div>\n\t\t\t\t<figcaption class='wp-caption-text gallery-caption' id='gallery-1-1472'>\n\t\t\t\t314-947\n\t\t\t\t<\/figcaption><\/figure><figure class='gallery-item'>\n\t\t\t<div class='gallery-icon landscape'>\n\t\t\t\t<a data-elementor-open-lightbox=\"yes\" data-elementor-lightbox-slideshow=\"278d14c\" data-elementor-lightbox-title=\"30A-774\" data-e-action-hash=\"#elementor-action%3Aaction%3Dlightbox%26settings%3DeyJpZCI6MTQ2NiwidXJsIjoiaHR0cHM6XC9cL2hhbmFrLWFybnlla29sYXMuaHVcL3dwLWNvbnRlbnRcL3VwbG9hZHNcLzIwMjRcLzAzXC8zMEEtNzc0LmpwZyIsInNsaWRlc2hvdyI6IjI3OGQxNGMifQ%3D%3D\" href='https:\/\/hanak-arnyekolas.hu\/wp-content\/uploads\/2024\/03\/30A-774.jpg'><img loading=\"lazy\" decoding=\"async\" width=\"674\" height=\"220\" src=\"https:\/\/hanak-arnyekolas.hu\/wp-content\/uploads\/2024\/03\/30A-774.jpg\" class=\"attachment-full size-full\" alt=\"\" aria-describedby=\"gallery-1-1466\" srcset=\"https:\/\/hanak-arnyekolas.hu\/wp-content\/uploads\/2024\/03\/30A-774.jpg 674w, https:\/\/hanak-arnyekolas.hu\/wp-content\/uploads\/2024\/03\/30A-774-600x196.jpg 600w, https:\/\/hanak-arnyekolas.hu\/wp-content\/uploads\/2024\/03\/30A-774-300x98.jpg 300w, https:\/\/hanak-arnyekolas.hu\/wp-content\/uploads\/2024\/03\/30A-774-18x6.jpg 18w\" sizes=\"(max-width: 674px) 100vw, 674px\" \/><\/a>\n\t\t\t<\/div>\n\t\t\t\t<figcaption class='wp-caption-text gallery-caption' id='gallery-1-1466'>\n\t\t\t\t30A-774\n\t\t\t\t<\/figcaption><\/figure>\n\t\t<\/div>\n\t\t<\/div>\n\t\t\t\t\t\t<\/div>\n\t\t\t\t<\/div>\n\t\t\t\t\t<\/div>\n\t\t<\/div>\n\t\t\t\t\t<\/div>\n\t\t<\/section>\n\t\t\t\t<\/div>","protected":false},"excerpt":{"rendered":"<p>A sz\u00ednek a val\u00f3s\u00e1gt\u00f3l elt\u00e9rhetnek. K\u00e9rj\u00fck megrendel\u00e9s el\u0151tt tekintse meg sz\u00ednmint\u00e1nkat! 320-679 320-452 320-254 320-180 315-347 315-267 314-002 314-003 314-014 314-223 314-610 314-947 30A-774<\/p>","protected":false},"author":3,"featured_media":0,"parent":17,"menu_order":0,"comment_status":"closed","ping_status":"closed","template":"elementor_header_footer","meta":{"footnotes":""},"class_list":["post-1533","page","type-page","status-publish","hentry"],"_links":{"self":[{"href":"https:\/\/hanak-arnyekolas.hu\/en\/wp-json\/wp\/v2\/pages\/1533","targetHints":{"allow":["GET"]}}],"collection":[{"href":"https:\/\/hanak-arnyekolas.hu\/en\/wp-json\/wp\/v2\/pages"}],"about":[{"href":"https:\/\/hanak-arnyekolas.hu\/en\/wp-json\/wp\/v2\/types\/page"}],"author":[{"embeddable":true,"href":"https:\/\/hanak-arnyekolas.hu\/en\/wp-json\/wp\/v2\/users\/3"}],"replies":[{"embeddable":true,"href":"https:\/\/hanak-arnyekolas.hu\/en\/wp-json\/wp\/v2\/comments?post=1533"}],"version-history":[{"count":4,"href":"https:\/\/hanak-arnyekolas.hu\/en\/wp-json\/wp\/v2\/pages\/1533\/revisions"}],"predecessor-version":[{"id":1542,"href":"https:\/\/hanak-arnyekolas.hu\/en\/wp-json\/wp\/v2\/pages\/1533\/revisions\/1542"}],"up":[{"embeddable":true,"href":"https:\/\/hanak-arnyekolas.hu\/en\/wp-json\/wp\/v2\/pages\/17"}],"wp:attachment":[{"href":"https:\/\/hanak-arnyekolas.hu\/en\/wp-json\/wp\/v2\/media?parent=1533"}],"curies":[{"name":"wp","href":"https:\/\/api.w.org\/{rel}","templated":true}]}}