{"id":1309,"date":"2024-03-06T12:29:30","date_gmt":"2024-03-06T11:29:30","guid":{"rendered":"https:\/\/hanak-arnyekolas.hu\/?page_id=1309"},"modified":"2024-03-06T12:36:07","modified_gmt":"2024-03-06T11:36:07","slug":"napellenzo-szinek-azur-szinvilag","status":"publish","type":"page","link":"https:\/\/hanak-arnyekolas.hu\/en\/kulter\/napellenzo-szinek-azur-szinvilag\/","title":{"rendered":"Awning colors - Azure colors"},"content":{"rendered":"<div data-elementor-type=\"wp-page\" data-elementor-id=\"1309\" class=\"elementor elementor-1309\" data-elementor-post-type=\"page\">\n\t\t\t\t\t\t<section data-particle_enable=\"false\" data-particle-mobile-disabled=\"false\" class=\"elementor-section elementor-top-section elementor-element elementor-element-1cf19b2 elementor-section-boxed elementor-section-height-default elementor-section-height-default\" data-id=\"1cf19b2\" data-element_type=\"section\" data-e-type=\"section\" data-settings=\"{&quot;background_background&quot;:&quot;gradient&quot;,&quot;shape_divider_bottom&quot;:&quot;opacity-tilt&quot;}\">\n\t\t\t\t\t<div class=\"elementor-shape elementor-shape-bottom\" aria-hidden=\"true\" data-negative=\"false\">\n\t\t\t<svg xmlns=\"http:\/\/www.w3.org\/2000\/svg\" viewbox=\"0 0 2600 131.1\" preserveaspectratio=\"none\">\n\t<path class=\"elementor-shape-fill\" d=\"M0 0L2600 0 2600 69.1 0 0z\"\/>\n\t<path class=\"elementor-shape-fill\" style=\"opacity:0.5\" d=\"M0 0L2600 0 2600 69.1 0 69.1z\"\/>\n\t<path class=\"elementor-shape-fill\" style=\"opacity:0.25\" d=\"M2600 0L0 0 0 130.1 2600 69.1z\"\/>\n<\/svg>\t\t<\/div>\n\t\t\t\t\t<div class=\"elementor-container elementor-column-gap-default\">\n\t\t\t\t\t<div class=\"elementor-column elementor-col-100 elementor-top-column elementor-element elementor-element-df94608\" data-id=\"df94608\" data-element_type=\"column\" data-e-type=\"column\">\n\t\t\t<div class=\"elementor-widget-wrap elementor-element-populated\">\n\t\t\t\t\t\t<div class=\"elementor-element elementor-element-0e281b9 elementor-widget elementor-widget-heading\" data-id=\"0e281b9\" data-element_type=\"widget\" data-e-type=\"widget\" data-widget_type=\"heading.default\">\n\t\t\t\t<div class=\"elementor-widget-container\">\n\t\t\t\t\t<h1 class=\"elementor-heading-title elementor-size-default\">Awning colors - Azure colors<\/h1>\t\t\t\t<\/div>\n\t\t\t\t<\/div>\n\t\t\t\t\t<\/div>\n\t\t<\/div>\n\t\t\t\t\t<\/div>\n\t\t<\/section>\n\t\t\t\t<section data-particle_enable=\"false\" data-particle-mobile-disabled=\"false\" class=\"elementor-section elementor-top-section elementor-element elementor-element-d249e87 elementor-section-boxed elementor-section-height-default elementor-section-height-default\" data-id=\"d249e87\" data-element_type=\"section\" data-e-type=\"section\">\n\t\t\t\t\t\t<div class=\"elementor-container elementor-column-gap-default\">\n\t\t\t\t\t<div class=\"elementor-column elementor-col-100 elementor-top-column elementor-element elementor-element-7d40e76\" data-id=\"7d40e76\" data-element_type=\"column\" data-e-type=\"column\">\n\t\t\t<div class=\"elementor-widget-wrap elementor-element-populated\">\n\t\t\t\t\t\t<section data-particle_enable=\"false\" data-particle-mobile-disabled=\"false\" class=\"elementor-section elementor-inner-section elementor-element elementor-element-5046516 elementor-section-boxed elementor-section-height-default elementor-section-height-default\" data-id=\"5046516\" data-element_type=\"section\" data-e-type=\"section\">\n\t\t\t\t\t\t<div class=\"elementor-container elementor-column-gap-default\">\n\t\t\t\t\t<div class=\"elementor-column elementor-col-100 elementor-inner-column elementor-element elementor-element-49764ca\" data-id=\"49764ca\" data-element_type=\"column\" data-e-type=\"column\">\n\t\t\t<div class=\"elementor-widget-wrap elementor-element-populated\">\n\t\t\t\t\t\t<div class=\"elementor-element elementor-element-cc89db4 elementor-widget elementor-widget-text-editor\" data-id=\"cc89db4\" data-element_type=\"widget\" data-e-type=\"widget\" data-widget_type=\"text-editor.default\">\n\t\t\t\t<div class=\"elementor-widget-container\">\n\t\t\t\t\t\t\t\t\t<p>Colors may differ from reality. Please see our color sample before ordering!<\/p>\t\t\t\t\t\t\t\t<\/div>\n\t\t\t\t<\/div>\n\t\t\t\t<div class=\"elementor-element elementor-element-18da0c9 elementor-widget-divider--separator-type-pattern elementor-widget-divider--view-line elementor-widget elementor-widget-divider\" data-id=\"18da0c9\" data-element_type=\"widget\" data-e-type=\"widget\" data-widget_type=\"divider.default\">\n\t\t\t\t<div class=\"elementor-widget-container\">\n\t\t\t\t\t\t\t<div class=\"elementor-divider\" style=\"--divider-pattern-url: url(&quot;data:image\/svg+xml,%3Csvg xmlns=&#039;http:\/\/www.w3.org\/2000\/svg&#039; preserveAspectRatio=&#039;none&#039; overflow=&#039;visible&#039; height=&#039;100%&#039; viewBox=&#039;0 0 24 24&#039; fill=&#039;black&#039; stroke=&#039;none&#039;%3E%3Cpolygon points=&#039;9.4,2 24,2 14.6,21.6 0,21.6&#039;\/%3E%3C\/svg%3E&quot;);\">\n\t\t\t<span class=\"elementor-divider-separator\">\n\t\t\t\t\t\t<\/span>\n\t\t<\/div>\n\t\t\t\t\t\t<\/div>\n\t\t\t\t<\/div>\n\t\t\t\t\t<\/div>\n\t\t<\/div>\n\t\t\t\t\t<\/div>\n\t\t<\/section>\n\t\t\t\t\t<\/div>\n\t\t<\/div>\n\t\t\t\t\t<\/div>\n\t\t<\/section>\n\t\t\t\t<section data-particle_enable=\"false\" data-particle-mobile-disabled=\"false\" class=\"elementor-section elementor-top-section elementor-element elementor-element-3116455 elementor-section-boxed elementor-section-height-default elementor-section-height-default\" data-id=\"3116455\" data-element_type=\"section\" data-e-type=\"section\">\n\t\t\t\t\t\t<div class=\"elementor-container elementor-column-gap-default\">\n\t\t\t\t\t<div class=\"elementor-column elementor-col-100 elementor-top-column elementor-element elementor-element-bda6734\" data-id=\"bda6734\" data-element_type=\"column\" data-e-type=\"column\">\n\t\t\t<div class=\"elementor-widget-wrap elementor-element-populated\">\n\t\t\t\t\t\t<div class=\"elementor-element elementor-element-278d14c gallery-spacing-custom elementor-widget elementor-widget-image-gallery\" data-id=\"278d14c\" data-element_type=\"widget\" data-e-type=\"widget\" data-widget_type=\"image-gallery.default\">\n\t\t\t\t<div class=\"elementor-widget-container\">\n\t\t\t\t\t\t\t<div class=\"elementor-image-gallery\">\n\t\t\t<div id='gallery-1' class='gallery galleryid-1309 gallery-columns-4 gallery-size-full'><figure class='gallery-item'>\n\t\t\t<div class='gallery-icon landscape'>\n\t\t\t\t<a data-elementor-open-lightbox=\"yes\" data-elementor-lightbox-slideshow=\"278d14c\" data-elementor-lightbox-title=\"314-153\" data-e-action-hash=\"#elementor-action%3Aaction%3Dlightbox%26settings%3DeyJpZCI6MTMxNCwidXJsIjoiaHR0cHM6XC9cL2hhbmFrLWFybnlla29sYXMuaHVcL3dwLWNvbnRlbnRcL3VwbG9hZHNcLzIwMjRcLzAzXC8zMTQtMTUzLmpwZyIsInNsaWRlc2hvdyI6IjI3OGQxNGMifQ%3D%3D\" href='https:\/\/hanak-arnyekolas.hu\/wp-content\/uploads\/2024\/03\/314-153.jpg'><img fetchpriority=\"high\" decoding=\"async\" width=\"676\" height=\"220\" src=\"https:\/\/hanak-arnyekolas.hu\/wp-content\/uploads\/2024\/03\/314-153.jpg\" class=\"attachment-full size-full\" alt=\"\" aria-describedby=\"gallery-1-1314\" srcset=\"https:\/\/hanak-arnyekolas.hu\/wp-content\/uploads\/2024\/03\/314-153.jpg 676w, https:\/\/hanak-arnyekolas.hu\/wp-content\/uploads\/2024\/03\/314-153-600x195.jpg 600w, https:\/\/hanak-arnyekolas.hu\/wp-content\/uploads\/2024\/03\/314-153-300x98.jpg 300w, https:\/\/hanak-arnyekolas.hu\/wp-content\/uploads\/2024\/03\/314-153-18x6.jpg 18w\" sizes=\"(max-width: 676px) 100vw, 676px\" \/><\/a>\n\t\t\t<\/div>\n\t\t\t\t<figcaption class='wp-caption-text gallery-caption' id='gallery-1-1314'>\n\t\t\t\t314-153\n\t\t\t\t<\/figcaption><\/figure><figure class='gallery-item'>\n\t\t\t<div class='gallery-icon landscape'>\n\t\t\t\t<a data-elementor-open-lightbox=\"yes\" data-elementor-lightbox-slideshow=\"278d14c\" data-elementor-lightbox-title=\"314-414\" data-e-action-hash=\"#elementor-action%3Aaction%3Dlightbox%26settings%3DeyJpZCI6MTMxNSwidXJsIjoiaHR0cHM6XC9cL2hhbmFrLWFybnlla29sYXMuaHVcL3dwLWNvbnRlbnRcL3VwbG9hZHNcLzIwMjRcLzAzXC8zMTQtNDE0LmpwZyIsInNsaWRlc2hvdyI6IjI3OGQxNGMifQ%3D%3D\" href='https:\/\/hanak-arnyekolas.hu\/wp-content\/uploads\/2024\/03\/314-414.jpg'><img decoding=\"async\" width=\"676\" height=\"220\" src=\"https:\/\/hanak-arnyekolas.hu\/wp-content\/uploads\/2024\/03\/314-414.jpg\" class=\"attachment-full size-full\" alt=\"\" aria-describedby=\"gallery-1-1315\" srcset=\"https:\/\/hanak-arnyekolas.hu\/wp-content\/uploads\/2024\/03\/314-414.jpg 676w, https:\/\/hanak-arnyekolas.hu\/wp-content\/uploads\/2024\/03\/314-414-600x195.jpg 600w, https:\/\/hanak-arnyekolas.hu\/wp-content\/uploads\/2024\/03\/314-414-300x98.jpg 300w, https:\/\/hanak-arnyekolas.hu\/wp-content\/uploads\/2024\/03\/314-414-18x6.jpg 18w\" sizes=\"(max-width: 676px) 100vw, 676px\" \/><\/a>\n\t\t\t<\/div>\n\t\t\t\t<figcaption class='wp-caption-text gallery-caption' id='gallery-1-1315'>\n\t\t\t\t314-414\n\t\t\t\t<\/figcaption><\/figure><figure class='gallery-item'>\n\t\t\t<div class='gallery-icon landscape'>\n\t\t\t\t<a data-elementor-open-lightbox=\"yes\" data-elementor-lightbox-slideshow=\"278d14c\" data-elementor-lightbox-title=\"314-525\" data-e-action-hash=\"#elementor-action%3Aaction%3Dlightbox%26settings%3DeyJpZCI6MTMxNiwidXJsIjoiaHR0cHM6XC9cL2hhbmFrLWFybnlla29sYXMuaHVcL3dwLWNvbnRlbnRcL3VwbG9hZHNcLzIwMjRcLzAzXC8zMTQtNTI1LmpwZyIsInNsaWRlc2hvdyI6IjI3OGQxNGMifQ%3D%3D\" href='https:\/\/hanak-arnyekolas.hu\/wp-content\/uploads\/2024\/03\/314-525.jpg'><img decoding=\"async\" width=\"674\" height=\"220\" src=\"https:\/\/hanak-arnyekolas.hu\/wp-content\/uploads\/2024\/03\/314-525.jpg\" class=\"attachment-full size-full\" alt=\"\" aria-describedby=\"gallery-1-1316\" srcset=\"https:\/\/hanak-arnyekolas.hu\/wp-content\/uploads\/2024\/03\/314-525.jpg 674w, https:\/\/hanak-arnyekolas.hu\/wp-content\/uploads\/2024\/03\/314-525-600x196.jpg 600w, https:\/\/hanak-arnyekolas.hu\/wp-content\/uploads\/2024\/03\/314-525-300x98.jpg 300w, https:\/\/hanak-arnyekolas.hu\/wp-content\/uploads\/2024\/03\/314-525-18x6.jpg 18w\" sizes=\"(max-width: 674px) 100vw, 674px\" \/><\/a>\n\t\t\t<\/div>\n\t\t\t\t<figcaption class='wp-caption-text gallery-caption' id='gallery-1-1316'>\n\t\t\t\t314-525\n\t\t\t\t<\/figcaption><\/figure><figure class='gallery-item'>\n\t\t\t<div class='gallery-icon landscape'>\n\t\t\t\t<a data-elementor-open-lightbox=\"yes\" data-elementor-lightbox-slideshow=\"278d14c\" data-elementor-lightbox-title=\"314-546\" data-e-action-hash=\"#elementor-action%3Aaction%3Dlightbox%26settings%3DeyJpZCI6MTMxNywidXJsIjoiaHR0cHM6XC9cL2hhbmFrLWFybnlla29sYXMuaHVcL3dwLWNvbnRlbnRcL3VwbG9hZHNcLzIwMjRcLzAzXC8zMTQtNTQ2LmpwZyIsInNsaWRlc2hvdyI6IjI3OGQxNGMifQ%3D%3D\" href='https:\/\/hanak-arnyekolas.hu\/wp-content\/uploads\/2024\/03\/314-546.jpg'><img loading=\"lazy\" decoding=\"async\" width=\"676\" height=\"220\" src=\"https:\/\/hanak-arnyekolas.hu\/wp-content\/uploads\/2024\/03\/314-546.jpg\" class=\"attachment-full size-full\" alt=\"\" aria-describedby=\"gallery-1-1317\" srcset=\"https:\/\/hanak-arnyekolas.hu\/wp-content\/uploads\/2024\/03\/314-546.jpg 676w, https:\/\/hanak-arnyekolas.hu\/wp-content\/uploads\/2024\/03\/314-546-600x195.jpg 600w, https:\/\/hanak-arnyekolas.hu\/wp-content\/uploads\/2024\/03\/314-546-300x98.jpg 300w, https:\/\/hanak-arnyekolas.hu\/wp-content\/uploads\/2024\/03\/314-546-18x6.jpg 18w\" sizes=\"(max-width: 676px) 100vw, 676px\" \/><\/a>\n\t\t\t<\/div>\n\t\t\t\t<figcaption class='wp-caption-text gallery-caption' id='gallery-1-1317'>\n\t\t\t\t314-546\n\t\t\t\t<\/figcaption><\/figure><figure class='gallery-item'>\n\t\t\t<div class='gallery-icon landscape'>\n\t\t\t\t<a data-elementor-open-lightbox=\"yes\" data-elementor-lightbox-slideshow=\"278d14c\" data-elementor-lightbox-title=\"314-550\" data-e-action-hash=\"#elementor-action%3Aaction%3Dlightbox%26settings%3DeyJpZCI6MTMxOCwidXJsIjoiaHR0cHM6XC9cL2hhbmFrLWFybnlla29sYXMuaHVcL3dwLWNvbnRlbnRcL3VwbG9hZHNcLzIwMjRcLzAzXC8zMTQtNTUwLmpwZyIsInNsaWRlc2hvdyI6IjI3OGQxNGMifQ%3D%3D\" href='https:\/\/hanak-arnyekolas.hu\/wp-content\/uploads\/2024\/03\/314-550.jpg'><img loading=\"lazy\" decoding=\"async\" width=\"674\" height=\"220\" src=\"https:\/\/hanak-arnyekolas.hu\/wp-content\/uploads\/2024\/03\/314-550.jpg\" class=\"attachment-full size-full\" alt=\"\" aria-describedby=\"gallery-1-1318\" srcset=\"https:\/\/hanak-arnyekolas.hu\/wp-content\/uploads\/2024\/03\/314-550.jpg 674w, https:\/\/hanak-arnyekolas.hu\/wp-content\/uploads\/2024\/03\/314-550-600x196.jpg 600w, https:\/\/hanak-arnyekolas.hu\/wp-content\/uploads\/2024\/03\/314-550-300x98.jpg 300w, https:\/\/hanak-arnyekolas.hu\/wp-content\/uploads\/2024\/03\/314-550-18x6.jpg 18w\" sizes=\"(max-width: 674px) 100vw, 674px\" \/><\/a>\n\t\t\t<\/div>\n\t\t\t\t<figcaption class='wp-caption-text gallery-caption' id='gallery-1-1318'>\n\t\t\t\t314-550\n\t\t\t\t<\/figcaption><\/figure><figure class='gallery-item'>\n\t\t\t<div class='gallery-icon landscape'>\n\t\t\t\t<a data-elementor-open-lightbox=\"yes\" data-elementor-lightbox-slideshow=\"278d14c\" data-elementor-lightbox-title=\"320-235\" data-e-action-hash=\"#elementor-action%3Aaction%3Dlightbox%26settings%3DeyJpZCI6MTMxOSwidXJsIjoiaHR0cHM6XC9cL2hhbmFrLWFybnlla29sYXMuaHVcL3dwLWNvbnRlbnRcL3VwbG9hZHNcLzIwMjRcLzAzXC8zMjAtMjM1LmpwZyIsInNsaWRlc2hvdyI6IjI3OGQxNGMifQ%3D%3D\" href='https:\/\/hanak-arnyekolas.hu\/wp-content\/uploads\/2024\/03\/320-235.jpg'><img loading=\"lazy\" decoding=\"async\" width=\"676\" height=\"220\" src=\"https:\/\/hanak-arnyekolas.hu\/wp-content\/uploads\/2024\/03\/320-235.jpg\" class=\"attachment-full size-full\" alt=\"\" aria-describedby=\"gallery-1-1319\" srcset=\"https:\/\/hanak-arnyekolas.hu\/wp-content\/uploads\/2024\/03\/320-235.jpg 676w, https:\/\/hanak-arnyekolas.hu\/wp-content\/uploads\/2024\/03\/320-235-600x195.jpg 600w, https:\/\/hanak-arnyekolas.hu\/wp-content\/uploads\/2024\/03\/320-235-300x98.jpg 300w, https:\/\/hanak-arnyekolas.hu\/wp-content\/uploads\/2024\/03\/320-235-18x6.jpg 18w\" sizes=\"(max-width: 676px) 100vw, 676px\" \/><\/a>\n\t\t\t<\/div>\n\t\t\t\t<figcaption class='wp-caption-text gallery-caption' id='gallery-1-1319'>\n\t\t\t\t320-235\n\t\t\t\t<\/figcaption><\/figure><figure class='gallery-item'>\n\t\t\t<div class='gallery-icon landscape'>\n\t\t\t\t<a data-elementor-open-lightbox=\"yes\" data-elementor-lightbox-slideshow=\"278d14c\" data-elementor-lightbox-title=\"314-143\" data-e-action-hash=\"#elementor-action%3Aaction%3Dlightbox%26settings%3DeyJpZCI6MTMxMywidXJsIjoiaHR0cHM6XC9cL2hhbmFrLWFybnlla29sYXMuaHVcL3dwLWNvbnRlbnRcL3VwbG9hZHNcLzIwMjRcLzAzXC8zMTQtMTQzLmpwZyIsInNsaWRlc2hvdyI6IjI3OGQxNGMifQ%3D%3D\" href='https:\/\/hanak-arnyekolas.hu\/wp-content\/uploads\/2024\/03\/314-143.jpg'><img loading=\"lazy\" decoding=\"async\" width=\"676\" height=\"220\" src=\"https:\/\/hanak-arnyekolas.hu\/wp-content\/uploads\/2024\/03\/314-143.jpg\" class=\"attachment-full size-full\" alt=\"\" aria-describedby=\"gallery-1-1313\" srcset=\"https:\/\/hanak-arnyekolas.hu\/wp-content\/uploads\/2024\/03\/314-143.jpg 676w, https:\/\/hanak-arnyekolas.hu\/wp-content\/uploads\/2024\/03\/314-143-600x195.jpg 600w, https:\/\/hanak-arnyekolas.hu\/wp-content\/uploads\/2024\/03\/314-143-300x98.jpg 300w, https:\/\/hanak-arnyekolas.hu\/wp-content\/uploads\/2024\/03\/314-143-18x6.jpg 18w\" sizes=\"(max-width: 676px) 100vw, 676px\" \/><\/a>\n\t\t\t<\/div>\n\t\t\t\t<figcaption class='wp-caption-text gallery-caption' id='gallery-1-1313'>\n\t\t\t\t314-143\n\t\t\t\t<\/figcaption><\/figure><figure class='gallery-item'>\n\t\t\t<div class='gallery-icon landscape'>\n\t\t\t\t<a data-elementor-open-lightbox=\"yes\" data-elementor-lightbox-slideshow=\"278d14c\" data-elementor-lightbox-title=\"314-011\" data-e-action-hash=\"#elementor-action%3Aaction%3Dlightbox%26settings%3DeyJpZCI6MTMxMiwidXJsIjoiaHR0cHM6XC9cL2hhbmFrLWFybnlla29sYXMuaHVcL3dwLWNvbnRlbnRcL3VwbG9hZHNcLzIwMjRcLzAzXC8zMTQtMDExLTEuanBnIiwic2xpZGVzaG93IjoiMjc4ZDE0YyJ9\" href='https:\/\/hanak-arnyekolas.hu\/wp-content\/uploads\/2024\/03\/314-011-1.jpg'><img loading=\"lazy\" decoding=\"async\" width=\"676\" height=\"220\" src=\"https:\/\/hanak-arnyekolas.hu\/wp-content\/uploads\/2024\/03\/314-011-1.jpg\" class=\"attachment-full size-full\" alt=\"\" aria-describedby=\"gallery-1-1312\" srcset=\"https:\/\/hanak-arnyekolas.hu\/wp-content\/uploads\/2024\/03\/314-011-1.jpg 676w, https:\/\/hanak-arnyekolas.hu\/wp-content\/uploads\/2024\/03\/314-011-1-600x195.jpg 600w, https:\/\/hanak-arnyekolas.hu\/wp-content\/uploads\/2024\/03\/314-011-1-300x98.jpg 300w, https:\/\/hanak-arnyekolas.hu\/wp-content\/uploads\/2024\/03\/314-011-1-18x6.jpg 18w\" sizes=\"(max-width: 676px) 100vw, 676px\" \/><\/a>\n\t\t\t<\/div>\n\t\t\t\t<figcaption class='wp-caption-text gallery-caption' id='gallery-1-1312'>\n\t\t\t\t314-011\n\t\t\t\t<\/figcaption><\/figure><figure class='gallery-item'>\n\t\t\t<div class='gallery-icon landscape'>\n\t\t\t\t<a data-elementor-open-lightbox=\"yes\" data-elementor-lightbox-slideshow=\"278d14c\" data-elementor-lightbox-title=\"314-006\" data-e-action-hash=\"#elementor-action%3Aaction%3Dlightbox%26settings%3DeyJpZCI6MTMxMSwidXJsIjoiaHR0cHM6XC9cL2hhbmFrLWFybnlla29sYXMuaHVcL3dwLWNvbnRlbnRcL3VwbG9hZHNcLzIwMjRcLzAzXC8zMTQtMDA2LmpwZyIsInNsaWRlc2hvdyI6IjI3OGQxNGMifQ%3D%3D\" href='https:\/\/hanak-arnyekolas.hu\/wp-content\/uploads\/2024\/03\/314-006.jpg'><img loading=\"lazy\" decoding=\"async\" width=\"676\" height=\"220\" src=\"https:\/\/hanak-arnyekolas.hu\/wp-content\/uploads\/2024\/03\/314-006.jpg\" class=\"attachment-full size-full\" alt=\"\" aria-describedby=\"gallery-1-1311\" srcset=\"https:\/\/hanak-arnyekolas.hu\/wp-content\/uploads\/2024\/03\/314-006.jpg 676w, https:\/\/hanak-arnyekolas.hu\/wp-content\/uploads\/2024\/03\/314-006-600x195.jpg 600w, https:\/\/hanak-arnyekolas.hu\/wp-content\/uploads\/2024\/03\/314-006-300x98.jpg 300w, https:\/\/hanak-arnyekolas.hu\/wp-content\/uploads\/2024\/03\/314-006-18x6.jpg 18w\" sizes=\"(max-width: 676px) 100vw, 676px\" \/><\/a>\n\t\t\t<\/div>\n\t\t\t\t<figcaption class='wp-caption-text gallery-caption' id='gallery-1-1311'>\n\t\t\t\t314-006\n\t\t\t\t<\/figcaption><\/figure>\n\t\t<\/div>\n\t\t<\/div>\n\t\t\t\t\t\t<\/div>\n\t\t\t\t<\/div>\n\t\t\t\t\t<\/div>\n\t\t<\/div>\n\t\t\t\t\t<\/div>\n\t\t<\/section>\n\t\t\t\t<\/div>","protected":false},"excerpt":{"rendered":"<p>A sz\u00ednek a val\u00f3s\u00e1gt\u00f3l elt\u00e9rhetnek. K\u00e9rj\u00fck megrendel\u00e9s el\u0151tt tekintse meg sz\u00ednmint\u00e1nkat! 314-153 314-414 314-525 314-546 314-550 320-235 314-143 314-011 314-006<\/p>","protected":false},"author":3,"featured_media":0,"parent":17,"menu_order":0,"comment_status":"closed","ping_status":"closed","template":"elementor_header_footer","meta":{"footnotes":""},"class_list":["post-1309","page","type-page","status-publish","hentry"],"_links":{"self":[{"href":"https:\/\/hanak-arnyekolas.hu\/en\/wp-json\/wp\/v2\/pages\/1309","targetHints":{"allow":["GET"]}}],"collection":[{"href":"https:\/\/hanak-arnyekolas.hu\/en\/wp-json\/wp\/v2\/pages"}],"about":[{"href":"https:\/\/hanak-arnyekolas.hu\/en\/wp-json\/wp\/v2\/types\/page"}],"author":[{"embeddable":true,"href":"https:\/\/hanak-arnyekolas.hu\/en\/wp-json\/wp\/v2\/users\/3"}],"replies":[{"embeddable":true,"href":"https:\/\/hanak-arnyekolas.hu\/en\/wp-json\/wp\/v2\/comments?post=1309"}],"version-history":[{"count":8,"href":"https:\/\/hanak-arnyekolas.hu\/en\/wp-json\/wp\/v2\/pages\/1309\/revisions"}],"predecessor-version":[{"id":1523,"href":"https:\/\/hanak-arnyekolas.hu\/en\/wp-json\/wp\/v2\/pages\/1309\/revisions\/1523"}],"up":[{"embeddable":true,"href":"https:\/\/hanak-arnyekolas.hu\/en\/wp-json\/wp\/v2\/pages\/17"}],"wp:attachment":[{"href":"https:\/\/hanak-arnyekolas.hu\/en\/wp-json\/wp\/v2\/media?parent=1309"}],"curies":[{"name":"wp","href":"https:\/\/api.w.org\/{rel}","templated":true}]}}