{"id":1295,"date":"2024-03-06T11:44:12","date_gmt":"2024-03-06T10:44:12","guid":{"rendered":"https:\/\/hanak-arnyekolas.hu\/?page_id=1295"},"modified":"2024-03-07T08:28:50","modified_gmt":"2024-03-07T07:28:50","slug":"napellenzo-szinek","status":"publish","type":"page","link":"https:\/\/hanak-arnyekolas.hu\/en\/kulter\/napellenzo-szinek\/","title":{"rendered":"Awning colors"},"content":{"rendered":"<div data-elementor-type=\"wp-page\" data-elementor-id=\"1295\" class=\"elementor elementor-1295\" data-elementor-post-type=\"page\">\n\t\t\t\t\t\t<section data-particle_enable=\"false\" data-particle-mobile-disabled=\"false\" class=\"elementor-section elementor-top-section elementor-element elementor-element-1cf19b2 elementor-section-boxed elementor-section-height-default elementor-section-height-default\" data-id=\"1cf19b2\" data-element_type=\"section\" data-e-type=\"section\" data-settings=\"{&quot;background_background&quot;:&quot;gradient&quot;,&quot;shape_divider_bottom&quot;:&quot;opacity-tilt&quot;}\">\n\t\t\t\t\t<div class=\"elementor-shape elementor-shape-bottom\" aria-hidden=\"true\" data-negative=\"false\">\n\t\t\t<svg xmlns=\"http:\/\/www.w3.org\/2000\/svg\" viewbox=\"0 0 2600 131.1\" preserveaspectratio=\"none\">\n\t<path class=\"elementor-shape-fill\" d=\"M0 0L2600 0 2600 69.1 0 0z\"\/>\n\t<path class=\"elementor-shape-fill\" style=\"opacity:0.5\" d=\"M0 0L2600 0 2600 69.1 0 69.1z\"\/>\n\t<path class=\"elementor-shape-fill\" style=\"opacity:0.25\" d=\"M2600 0L0 0 0 130.1 2600 69.1z\"\/>\n<\/svg>\t\t<\/div>\n\t\t\t\t\t<div class=\"elementor-container elementor-column-gap-default\">\n\t\t\t\t\t<div class=\"elementor-column elementor-col-100 elementor-top-column elementor-element elementor-element-df94608\" data-id=\"df94608\" data-element_type=\"column\" data-e-type=\"column\">\n\t\t\t<div class=\"elementor-widget-wrap elementor-element-populated\">\n\t\t\t\t\t\t<div class=\"elementor-element elementor-element-0e281b9 elementor-widget elementor-widget-heading\" data-id=\"0e281b9\" data-element_type=\"widget\" data-e-type=\"widget\" data-widget_type=\"heading.default\">\n\t\t\t\t<div class=\"elementor-widget-container\">\n\t\t\t\t\t<h1 class=\"elementor-heading-title elementor-size-default\">Awning colors<\/h1>\t\t\t\t<\/div>\n\t\t\t\t<\/div>\n\t\t\t\t\t<\/div>\n\t\t<\/div>\n\t\t\t\t\t<\/div>\n\t\t<\/section>\n\t\t\t\t<section data-particle_enable=\"false\" data-particle-mobile-disabled=\"false\" class=\"elementor-section elementor-top-section elementor-element elementor-element-d249e87 elementor-section-boxed elementor-section-height-default elementor-section-height-default\" data-id=\"d249e87\" data-element_type=\"section\" data-e-type=\"section\">\n\t\t\t\t\t\t<div class=\"elementor-container elementor-column-gap-default\">\n\t\t\t\t\t<div class=\"elementor-column elementor-col-100 elementor-top-column elementor-element elementor-element-7d40e76\" data-id=\"7d40e76\" data-element_type=\"column\" data-e-type=\"column\">\n\t\t\t<div class=\"elementor-widget-wrap elementor-element-populated\">\n\t\t\t\t\t\t<section data-particle_enable=\"false\" data-particle-mobile-disabled=\"false\" class=\"elementor-section elementor-inner-section elementor-element elementor-element-5046516 elementor-section-boxed elementor-section-height-default elementor-section-height-default\" data-id=\"5046516\" data-element_type=\"section\" data-e-type=\"section\">\n\t\t\t\t\t\t<div class=\"elementor-container elementor-column-gap-default\">\n\t\t\t\t\t<div class=\"elementor-column elementor-col-100 elementor-inner-column elementor-element elementor-element-49764ca\" data-id=\"49764ca\" data-element_type=\"column\" data-e-type=\"column\">\n\t\t\t<div class=\"elementor-widget-wrap elementor-element-populated\">\n\t\t\t\t\t\t<div class=\"elementor-element elementor-element-cc89db4 elementor-widget elementor-widget-text-editor\" data-id=\"cc89db4\" data-element_type=\"widget\" data-e-type=\"widget\" data-widget_type=\"text-editor.default\">\n\t\t\t\t<div class=\"elementor-widget-container\">\n\t\t\t\t\t\t\t\t\t<p>Find the shade color that suits you best from our selection. The colors shown on the following pages are definitely available. You can choose from more than 200 colors, so you're sure to find something that suits your taste.<\/p><p>Select a color scheme to view samples. Colors may overlap, be sure to check out multiple categories.<\/p>\t\t\t\t\t\t\t\t<\/div>\n\t\t\t\t<\/div>\n\t\t\t\t<div class=\"elementor-element elementor-element-18da0c9 elementor-widget-divider--separator-type-pattern elementor-widget-divider--view-line elementor-widget elementor-widget-divider\" data-id=\"18da0c9\" data-element_type=\"widget\" data-e-type=\"widget\" data-widget_type=\"divider.default\">\n\t\t\t\t<div class=\"elementor-widget-container\">\n\t\t\t\t\t\t\t<div class=\"elementor-divider\" style=\"--divider-pattern-url: url(&quot;data:image\/svg+xml,%3Csvg xmlns=&#039;http:\/\/www.w3.org\/2000\/svg&#039; preserveAspectRatio=&#039;none&#039; overflow=&#039;visible&#039; height=&#039;100%&#039; viewBox=&#039;0 0 24 24&#039; fill=&#039;black&#039; stroke=&#039;none&#039;%3E%3Cpolygon points=&#039;9.4,2 24,2 14.6,21.6 0,21.6&#039;\/%3E%3C\/svg%3E&quot;);\">\n\t\t\t<span class=\"elementor-divider-separator\">\n\t\t\t\t\t\t<\/span>\n\t\t<\/div>\n\t\t\t\t\t\t<\/div>\n\t\t\t\t<\/div>\n\t\t\t\t\t<\/div>\n\t\t<\/div>\n\t\t\t\t\t<\/div>\n\t\t<\/section>\n\t\t\t\t\t<\/div>\n\t\t<\/div>\n\t\t\t\t\t<\/div>\n\t\t<\/section>\n\t\t\t\t<section data-particle_enable=\"false\" data-particle-mobile-disabled=\"false\" class=\"elementor-section elementor-top-section elementor-element elementor-element-515e237 elementor-section-boxed elementor-section-height-default elementor-section-height-default\" data-id=\"515e237\" data-element_type=\"section\" data-e-type=\"section\">\n\t\t\t\t\t\t<div class=\"elementor-container elementor-column-gap-default\">\n\t\t\t\t\t<div class=\"elementor-column elementor-col-25 elementor-top-column elementor-element elementor-element-9707cdb\" data-id=\"9707cdb\" data-element_type=\"column\" data-e-type=\"column\">\n\t\t\t<div class=\"elementor-widget-wrap elementor-element-populated\">\n\t\t\t\t\t\t<div class=\"elementor-element elementor-element-50d596d elementor-position-top elementor-widget elementor-widget-image-box\" data-id=\"50d596d\" data-element_type=\"widget\" data-e-type=\"widget\" data-widget_type=\"image-box.default\">\n\t\t\t\t<div class=\"elementor-widget-container\">\n\t\t\t\t\t<div class=\"elementor-image-box-wrapper\"><figure class=\"elementor-image-box-img\"><a href=\"https:\/\/hanak-arnyekolas.hu\/en\/kulter\/napellenzo-szinek-azur-szinvilag\/\" tabindex=\"-1\"><img fetchpriority=\"high\" decoding=\"async\" width=\"676\" height=\"220\" src=\"https:\/\/hanak-arnyekolas.hu\/wp-content\/uploads\/2024\/03\/314-011-1.jpg\" class=\"attachment-full size-full wp-image-1312\" alt=\"\" srcset=\"https:\/\/hanak-arnyekolas.hu\/wp-content\/uploads\/2024\/03\/314-011-1.jpg 676w, https:\/\/hanak-arnyekolas.hu\/wp-content\/uploads\/2024\/03\/314-011-1-600x195.jpg 600w, https:\/\/hanak-arnyekolas.hu\/wp-content\/uploads\/2024\/03\/314-011-1-300x98.jpg 300w, https:\/\/hanak-arnyekolas.hu\/wp-content\/uploads\/2024\/03\/314-011-1-18x6.jpg 18w\" sizes=\"(max-width: 676px) 100vw, 676px\" \/><\/a><\/figure><div class=\"elementor-image-box-content\"><h3 class=\"elementor-image-box-title\"><a href=\"https:\/\/hanak-arnyekolas.hu\/en\/kulter\/napellenzo-szinek-azur-szinvilag\/\">Azure colors<\/a><\/h3><\/div><\/div>\t\t\t\t<\/div>\n\t\t\t\t<\/div>\n\t\t\t\t\t<\/div>\n\t\t<\/div>\n\t\t\t\t<div class=\"elementor-column elementor-col-25 elementor-top-column elementor-element elementor-element-dac3760\" data-id=\"dac3760\" data-element_type=\"column\" data-e-type=\"column\">\n\t\t\t<div class=\"elementor-widget-wrap elementor-element-populated\">\n\t\t\t\t\t\t<div class=\"elementor-element elementor-element-0767a93 elementor-position-top elementor-widget elementor-widget-image-box\" data-id=\"0767a93\" data-element_type=\"widget\" data-e-type=\"widget\" data-widget_type=\"image-box.default\">\n\t\t\t\t<div class=\"elementor-widget-container\">\n\t\t\t\t\t<div class=\"elementor-image-box-wrapper\"><figure class=\"elementor-image-box-img\"><a href=\"https:\/\/hanak-arnyekolas.hu\/en\/kulter\/napellenzo-szinek-grafit-szinvilag\/\" tabindex=\"-1\"><img decoding=\"async\" width=\"676\" height=\"220\" src=\"https:\/\/hanak-arnyekolas.hu\/wp-content\/uploads\/2024\/03\/314-941.jpg\" class=\"attachment-full size-full wp-image-1423\" alt=\"\" srcset=\"https:\/\/hanak-arnyekolas.hu\/wp-content\/uploads\/2024\/03\/314-941.jpg 676w, https:\/\/hanak-arnyekolas.hu\/wp-content\/uploads\/2024\/03\/314-941-600x195.jpg 600w, https:\/\/hanak-arnyekolas.hu\/wp-content\/uploads\/2024\/03\/314-941-300x98.jpg 300w, https:\/\/hanak-arnyekolas.hu\/wp-content\/uploads\/2024\/03\/314-941-18x6.jpg 18w\" sizes=\"(max-width: 676px) 100vw, 676px\" \/><\/a><\/figure><div class=\"elementor-image-box-content\"><h3 class=\"elementor-image-box-title\"><a href=\"https:\/\/hanak-arnyekolas.hu\/en\/kulter\/napellenzo-szinek-grafit-szinvilag\/\">Graphite colors<\/a><\/h3><\/div><\/div>\t\t\t\t<\/div>\n\t\t\t\t<\/div>\n\t\t\t\t\t<\/div>\n\t\t<\/div>\n\t\t\t\t<div class=\"elementor-column elementor-col-25 elementor-top-column elementor-element elementor-element-9c703cf\" data-id=\"9c703cf\" data-element_type=\"column\" data-e-type=\"column\">\n\t\t\t<div class=\"elementor-widget-wrap elementor-element-populated\">\n\t\t\t\t\t\t<div class=\"elementor-element elementor-element-d1190ad elementor-position-top elementor-widget elementor-widget-image-box\" data-id=\"d1190ad\" data-element_type=\"widget\" data-e-type=\"widget\" data-widget_type=\"image-box.default\">\n\t\t\t\t<div class=\"elementor-widget-container\">\n\t\t\t\t\t<div class=\"elementor-image-box-wrapper\"><figure class=\"elementor-image-box-img\"><a href=\"https:\/\/hanak-arnyekolas.hu\/en\/kulter\/napellenzo-szinek-fold-szinvilag\/\" tabindex=\"-1\"><img decoding=\"async\" width=\"676\" height=\"220\" src=\"https:\/\/hanak-arnyekolas.hu\/wp-content\/uploads\/2024\/03\/314-919.jpg\" class=\"attachment-full size-full wp-image-1339\" alt=\"\" srcset=\"https:\/\/hanak-arnyekolas.hu\/wp-content\/uploads\/2024\/03\/314-919.jpg 676w, https:\/\/hanak-arnyekolas.hu\/wp-content\/uploads\/2024\/03\/314-919-600x195.jpg 600w, https:\/\/hanak-arnyekolas.hu\/wp-content\/uploads\/2024\/03\/314-919-300x98.jpg 300w, https:\/\/hanak-arnyekolas.hu\/wp-content\/uploads\/2024\/03\/314-919-18x6.jpg 18w\" sizes=\"(max-width: 676px) 100vw, 676px\" \/><\/a><\/figure><div class=\"elementor-image-box-content\"><h3 class=\"elementor-image-box-title\"><a href=\"https:\/\/hanak-arnyekolas.hu\/en\/kulter\/napellenzo-szinek-fold-szinvilag\/\">Soil colors<\/a><\/h3><\/div><\/div>\t\t\t\t<\/div>\n\t\t\t\t<\/div>\n\t\t\t\t\t<\/div>\n\t\t<\/div>\n\t\t\t\t<div class=\"elementor-column elementor-col-25 elementor-top-column elementor-element elementor-element-1e4b723\" data-id=\"1e4b723\" data-element_type=\"column\" data-e-type=\"column\">\n\t\t\t<div class=\"elementor-widget-wrap elementor-element-populated\">\n\t\t\t\t\t\t<div class=\"elementor-element elementor-element-810f63d elementor-position-top elementor-widget elementor-widget-image-box\" data-id=\"810f63d\" data-element_type=\"widget\" data-e-type=\"widget\" data-widget_type=\"image-box.default\">\n\t\t\t\t<div class=\"elementor-widget-container\">\n\t\t\t\t\t<div class=\"elementor-image-box-wrapper\"><figure class=\"elementor-image-box-img\"><a href=\"https:\/\/hanak-arnyekolas.hu\/en\/kulter\/napellenzo-szinek-napfeny-szinvilag\/\" tabindex=\"-1\"><img loading=\"lazy\" decoding=\"async\" width=\"674\" height=\"220\" src=\"https:\/\/hanak-arnyekolas.hu\/wp-content\/uploads\/2024\/03\/314-003-1.jpg\" class=\"attachment-full size-full wp-image-1468\" alt=\"\" srcset=\"https:\/\/hanak-arnyekolas.hu\/wp-content\/uploads\/2024\/03\/314-003-1.jpg 674w, https:\/\/hanak-arnyekolas.hu\/wp-content\/uploads\/2024\/03\/314-003-1-600x196.jpg 600w, https:\/\/hanak-arnyekolas.hu\/wp-content\/uploads\/2024\/03\/314-003-1-300x98.jpg 300w, https:\/\/hanak-arnyekolas.hu\/wp-content\/uploads\/2024\/03\/314-003-1-18x6.jpg 18w\" sizes=\"(max-width: 674px) 100vw, 674px\" \/><\/a><\/figure><div class=\"elementor-image-box-content\"><h3 class=\"elementor-image-box-title\"><a href=\"https:\/\/hanak-arnyekolas.hu\/en\/kulter\/napellenzo-szinek-napfeny-szinvilag\/\">Sunlight colors<\/a><\/h3><\/div><\/div>\t\t\t\t<\/div>\n\t\t\t\t<\/div>\n\t\t\t\t\t<\/div>\n\t\t<\/div>\n\t\t\t\t\t<\/div>\n\t\t<\/section>\n\t\t\t\t<section data-particle_enable=\"false\" data-particle-mobile-disabled=\"false\" class=\"elementor-section elementor-top-section elementor-element elementor-element-1cd9fb6 elementor-section-boxed elementor-section-height-default elementor-section-height-default\" data-id=\"1cd9fb6\" data-element_type=\"section\" data-e-type=\"section\">\n\t\t\t\t\t\t<div class=\"elementor-container elementor-column-gap-default\">\n\t\t\t\t\t<div class=\"elementor-column elementor-col-25 elementor-top-column elementor-element elementor-element-17cdd2f\" data-id=\"17cdd2f\" data-element_type=\"column\" data-e-type=\"column\">\n\t\t\t<div class=\"elementor-widget-wrap elementor-element-populated\">\n\t\t\t\t\t\t<div class=\"elementor-element elementor-element-4a05be8 elementor-position-top elementor-widget elementor-widget-image-box\" data-id=\"4a05be8\" data-element_type=\"widget\" data-e-type=\"widget\" data-widget_type=\"image-box.default\">\n\t\t\t\t<div class=\"elementor-widget-container\">\n\t\t\t\t\t<div class=\"elementor-image-box-wrapper\"><figure class=\"elementor-image-box-img\"><a href=\"https:\/\/hanak-arnyekolas.hu\/en\/kulter\/napellenzo-szinek-smaragd-szinvilag\/\" tabindex=\"-1\"><img loading=\"lazy\" decoding=\"async\" width=\"676\" height=\"220\" src=\"https:\/\/hanak-arnyekolas.hu\/wp-content\/uploads\/2024\/03\/314-362.jpg\" class=\"attachment-full size-full wp-image-1502\" alt=\"\" srcset=\"https:\/\/hanak-arnyekolas.hu\/wp-content\/uploads\/2024\/03\/314-362.jpg 676w, https:\/\/hanak-arnyekolas.hu\/wp-content\/uploads\/2024\/03\/314-362-600x195.jpg 600w, https:\/\/hanak-arnyekolas.hu\/wp-content\/uploads\/2024\/03\/314-362-300x98.jpg 300w, https:\/\/hanak-arnyekolas.hu\/wp-content\/uploads\/2024\/03\/314-362-18x6.jpg 18w\" sizes=\"(max-width: 676px) 100vw, 676px\" \/><\/a><\/figure><div class=\"elementor-image-box-content\"><h3 class=\"elementor-image-box-title\"><a href=\"https:\/\/hanak-arnyekolas.hu\/en\/kulter\/napellenzo-szinek-smaragd-szinvilag\/\">Emerald colors<\/a><\/h3><\/div><\/div>\t\t\t\t<\/div>\n\t\t\t\t<\/div>\n\t\t\t\t\t<\/div>\n\t\t<\/div>\n\t\t\t\t<div class=\"elementor-column elementor-col-25 elementor-top-column elementor-element elementor-element-3bdcbcc\" data-id=\"3bdcbcc\" data-element_type=\"column\" data-e-type=\"column\">\n\t\t\t<div class=\"elementor-widget-wrap elementor-element-populated\">\n\t\t\t\t\t\t<div class=\"elementor-element elementor-element-0ed76af elementor-position-top elementor-widget elementor-widget-image-box\" data-id=\"0ed76af\" data-element_type=\"widget\" data-e-type=\"widget\" data-widget_type=\"image-box.default\">\n\t\t\t\t<div class=\"elementor-widget-container\">\n\t\t\t\t\t<div class=\"elementor-image-box-wrapper\"><figure class=\"elementor-image-box-img\"><a href=\"https:\/\/hanak-arnyekolas.hu\/en\/kulter\/napellenzo-szinek-szikra-szinvilag\/\" tabindex=\"-1\"><img loading=\"lazy\" decoding=\"async\" width=\"676\" height=\"220\" src=\"https:\/\/hanak-arnyekolas.hu\/wp-content\/uploads\/2024\/03\/314-347.jpg\" class=\"attachment-full size-full wp-image-1485\" alt=\"\" srcset=\"https:\/\/hanak-arnyekolas.hu\/wp-content\/uploads\/2024\/03\/314-347.jpg 676w, https:\/\/hanak-arnyekolas.hu\/wp-content\/uploads\/2024\/03\/314-347-600x195.jpg 600w, https:\/\/hanak-arnyekolas.hu\/wp-content\/uploads\/2024\/03\/314-347-300x98.jpg 300w, https:\/\/hanak-arnyekolas.hu\/wp-content\/uploads\/2024\/03\/314-347-18x6.jpg 18w\" sizes=\"(max-width: 676px) 100vw, 676px\" \/><\/a><\/figure><div class=\"elementor-image-box-content\"><h3 class=\"elementor-image-box-title\"><a href=\"https:\/\/hanak-arnyekolas.hu\/en\/kulter\/napellenzo-szinek-szikra-szinvilag\/\">Spark colors<\/a><\/h3><\/div><\/div>\t\t\t\t<\/div>\n\t\t\t\t<\/div>\n\t\t\t\t\t<\/div>\n\t\t<\/div>\n\t\t\t\t<div class=\"elementor-column elementor-col-25 elementor-top-column elementor-element elementor-element-45fbe2e\" data-id=\"45fbe2e\" data-element_type=\"column\" data-e-type=\"column\">\n\t\t\t<div class=\"elementor-widget-wrap elementor-element-populated\">\n\t\t\t\t\t\t<div class=\"elementor-element elementor-element-b03c89f elementor-position-top elementor-widget elementor-widget-image-box\" data-id=\"b03c89f\" data-element_type=\"widget\" data-e-type=\"widget\" data-widget_type=\"image-box.default\">\n\t\t\t\t<div class=\"elementor-widget-container\">\n\t\t\t\t\t<div class=\"elementor-image-box-wrapper\"><figure class=\"elementor-image-box-img\"><a href=\"https:\/\/hanak-arnyekolas.hu\/en\/kulter\/napellenzo-szinek-sauleda-new-generation\/\" tabindex=\"-1\"><img loading=\"lazy\" decoding=\"async\" width=\"680\" height=\"190\" src=\"https:\/\/hanak-arnyekolas.hu\/wp-content\/uploads\/2024\/03\/8445-Piedra.jpg\" class=\"attachment-full size-full wp-image-1575\" alt=\"\" srcset=\"https:\/\/hanak-arnyekolas.hu\/wp-content\/uploads\/2024\/03\/8445-Piedra.jpg 680w, https:\/\/hanak-arnyekolas.hu\/wp-content\/uploads\/2024\/03\/8445-Piedra-600x168.jpg 600w, https:\/\/hanak-arnyekolas.hu\/wp-content\/uploads\/2024\/03\/8445-Piedra-300x84.jpg 300w, https:\/\/hanak-arnyekolas.hu\/wp-content\/uploads\/2024\/03\/8445-Piedra-18x5.jpg 18w\" sizes=\"(max-width: 680px) 100vw, 680px\" \/><\/a><\/figure><div class=\"elementor-image-box-content\"><h3 class=\"elementor-image-box-title\"><a href=\"https:\/\/hanak-arnyekolas.hu\/en\/kulter\/napellenzo-szinek-sauleda-new-generation\/\">Sauleda New Generation<\/a><\/h3><\/div><\/div>\t\t\t\t<\/div>\n\t\t\t\t<\/div>\n\t\t\t\t\t<\/div>\n\t\t<\/div>\n\t\t\t\t<div class=\"elementor-column elementor-col-25 elementor-top-column elementor-element elementor-element-93c4bcc\" data-id=\"93c4bcc\" data-element_type=\"column\" data-e-type=\"column\">\n\t\t\t<div class=\"elementor-widget-wrap elementor-element-populated\">\n\t\t\t\t\t\t<div class=\"elementor-element elementor-element-7b89c2b elementor-position-top elementor-widget elementor-widget-image-box\" data-id=\"7b89c2b\" data-element_type=\"widget\" data-e-type=\"widget\" data-widget_type=\"image-box.default\">\n\t\t\t\t<div class=\"elementor-widget-container\">\n\t\t\t\t\t<div class=\"elementor-image-box-wrapper\"><figure class=\"elementor-image-box-img\"><a href=\"https:\/\/hanak-arnyekolas.hu\/en\/kulter\/napellenzo-szinek-pvc\/\" tabindex=\"-1\"><img loading=\"lazy\" decoding=\"async\" width=\"120\" height=\"80\" src=\"https:\/\/hanak-arnyekolas.hu\/wp-content\/uploads\/2024\/03\/6511.jpg\" class=\"attachment-full size-full wp-image-1588\" alt=\"\" srcset=\"https:\/\/hanak-arnyekolas.hu\/wp-content\/uploads\/2024\/03\/6511.jpg 120w, https:\/\/hanak-arnyekolas.hu\/wp-content\/uploads\/2024\/03\/6511-18x12.jpg 18w\" sizes=\"(max-width: 120px) 100vw, 120px\" \/><\/a><\/figure><div class=\"elementor-image-box-content\"><h3 class=\"elementor-image-box-title\"><a href=\"https:\/\/hanak-arnyekolas.hu\/en\/kulter\/napellenzo-szinek-pvc\/\">PVC<\/a><\/h3><\/div><\/div>\t\t\t\t<\/div>\n\t\t\t\t<\/div>\n\t\t\t\t\t<\/div>\n\t\t<\/div>\n\t\t\t\t\t<\/div>\n\t\t<\/section>\n\t\t\t\t<\/div>","protected":false},"excerpt":{"rendered":"<p>Tal\u00e1lja meg az \u00d6nnek legmegfelel\u0151bb napellenz\u0151 sz\u00ednt a k\u00edn\u00e1latunkb\u00f3l. Az al\u00e1bbi oldalakon szerepl\u0151 sz\u00ednek biztosan rendelkez\u00e9sre \u00e1llnak. T\u00f6bb, mint 200 sz\u00edn k\u00f6z\u00fcl v\u00e1laszthat, \u00edgy biztosan tal\u00e1l olyat, ami passzol \u00edzl\u00e9s\u00e9nek. V\u00e1lasszon sz\u00ednvil\u00e1got a mint\u00e1k megtekint\u00e9s\u00e9hez. A sz\u00ednek k\u00f6z\u00f6tt lehet \u00e1tfed\u00e9s, mindenk\u00e9ppen n\u00e9zzen meg t\u00f6bb kateg\u00f3ri\u00e1t is. Az\u00far sz\u00ednvil\u00e1g Grafit sz\u00ednvil\u00e1g F\u00f6ld sz\u00ednvil\u00e1g Napf\u00e9ny sz\u00ednvil\u00e1g Smaragd [&hellip;]<\/p>","protected":false},"author":3,"featured_media":0,"parent":17,"menu_order":0,"comment_status":"closed","ping_status":"closed","template":"elementor_header_footer","meta":{"footnotes":""},"class_list":["post-1295","page","type-page","status-publish","hentry"],"_links":{"self":[{"href":"https:\/\/hanak-arnyekolas.hu\/en\/wp-json\/wp\/v2\/pages\/1295","targetHints":{"allow":["GET"]}}],"collection":[{"href":"https:\/\/hanak-arnyekolas.hu\/en\/wp-json\/wp\/v2\/pages"}],"about":[{"href":"https:\/\/hanak-arnyekolas.hu\/en\/wp-json\/wp\/v2\/types\/page"}],"author":[{"embeddable":true,"href":"https:\/\/hanak-arnyekolas.hu\/en\/wp-json\/wp\/v2\/users\/3"}],"replies":[{"embeddable":true,"href":"https:\/\/hanak-arnyekolas.hu\/en\/wp-json\/wp\/v2\/comments?post=1295"}],"version-history":[{"count":27,"href":"https:\/\/hanak-arnyekolas.hu\/en\/wp-json\/wp\/v2\/pages\/1295\/revisions"}],"predecessor-version":[{"id":1642,"href":"https:\/\/hanak-arnyekolas.hu\/en\/wp-json\/wp\/v2\/pages\/1295\/revisions\/1642"}],"up":[{"embeddable":true,"href":"https:\/\/hanak-arnyekolas.hu\/en\/wp-json\/wp\/v2\/pages\/17"}],"wp:attachment":[{"href":"https:\/\/hanak-arnyekolas.hu\/en\/wp-json\/wp\/v2\/media?parent=1295"}],"curies":[{"name":"wp","href":"https:\/\/api.w.org\/{rel}","templated":true}]}}